{"id":939,"date":"2022-04-07T14:10:36","date_gmt":"2022-04-07T12:10:36","guid":{"rendered":"https:\/\/uprezeny.sk\/about-this-cookie-policy\/"},"modified":"2022-08-10T16:53:32","modified_gmt":"2022-08-10T14:53:32","slug":"about-this-cookie-policy","status":"publish","type":"page","link":"https:\/\/uprezeny.sk\/en\/about-this-cookie-policy\/","title":{"rendered":"About this Cookie Policy"},"content":{"rendered":"\t\t<div data-elementor-type=\"wp-page\" data-elementor-id=\"939\" class=\"elementor elementor-939 elementor-823\" data-elementor-post-type=\"page\">\n\t\t\t\t\t\t<section class=\"elementor-section elementor-top-section elementor-element elementor-element-1e6ef318 elementor-section-boxed elementor-section-height-default elementor-section-height-default\" data-id=\"1e6ef318\" data-element_type=\"section\" data-e-type=\"section\">\n\t\t\t\t\t\t<div class=\"elementor-container elementor-column-gap-default\">\n\t\t\t\t\t<div class=\"elementor-column elementor-col-100 elementor-top-column elementor-element elementor-element-28f71657\" data-id=\"28f71657\" data-element_type=\"column\" data-e-type=\"column\">\n\t\t\t<div class=\"elementor-widget-wrap elementor-element-populated\">\n\t\t\t\t\t\t<div class=\"elementor-element elementor-element-53fa4f79 elementor-widget elementor-widget-heading\" data-id=\"53fa4f79\" data-element_type=\"widget\" data-e-type=\"widget\" data-widget_type=\"heading.default\">\n\t\t\t\t<div class=\"elementor-widget-container\">\n\t\t\t\t\t<h3 class=\"elementor-heading-title elementor-size-default\">About this Cookie Policy<\/h3>\t\t\t\t<\/div>\n\t\t\t\t<\/div>\n\t\t\t\t<div class=\"elementor-element elementor-element-5e9ef89c elementor-widget elementor-widget-text-editor\" data-id=\"5e9ef89c\" data-element_type=\"widget\" data-e-type=\"widget\" data-widget_type=\"text-editor.default\">\n\t\t\t\t<div class=\"elementor-widget-container\">\n\t\t\t\t\t\t\t\t\t<p>This Cookie Policy explains what cookies are and how we use them, what types of cookies we use i.e. what information we collect using cookies and how this information is used, and how to control cookie settings.<\/p><p>You can change or withdraw your consent from the cookie statement on our website at any time. You can find more information about who we are, how you can contact us and how we process personal data in our <a href=\"https:\/\/uprezeny.sk\/en\/privacy-policy\/\">Privacy Policy<\/a>.<\/p><p>Your consent applies to the following domains: staging.uprezeny.sk<\/p><p><strong>[user_consent_state]<\/strong><\/p>\t\t\t\t\t\t\t\t<\/div>\n\t\t\t\t<\/div>\n\t\t\t\t<div class=\"elementor-element elementor-element-1b4844bd elementor-widget elementor-widget-heading\" data-id=\"1b4844bd\" data-element_type=\"widget\" data-e-type=\"widget\" data-widget_type=\"heading.default\">\n\t\t\t\t<div class=\"elementor-widget-container\">\n\t\t\t\t\t<h3 class=\"elementor-heading-title elementor-size-default\">What are cookies?<\/h3>\t\t\t\t<\/div>\n\t\t\t\t<\/div>\n\t\t\t\t<div class=\"elementor-element elementor-element-4857e064 elementor-widget elementor-widget-text-editor\" data-id=\"4857e064\" data-element_type=\"widget\" data-e-type=\"widget\" data-widget_type=\"text-editor.default\">\n\t\t\t\t<div class=\"elementor-widget-container\">\n\t\t\t\t\t\t\t\t\t<p>Cookies are small text files that are used to store small information. They are saved to your device when you load a website in a browser. These cookies help us ensure the proper functioning of the website, increase its security, provide users with a better experience and understand how the website works, and analyse what works and where improvement is needed.<\/p>\t\t\t\t\t\t\t\t<\/div>\n\t\t\t\t<\/div>\n\t\t\t\t<div class=\"elementor-element elementor-element-5d790b75 elementor-widget elementor-widget-heading\" data-id=\"5d790b75\" data-element_type=\"widget\" data-e-type=\"widget\" data-widget_type=\"heading.default\">\n\t\t\t\t<div class=\"elementor-widget-container\">\n\t\t\t\t\t<h3 class=\"elementor-heading-title elementor-size-default\">How do we use cookies?<\/h3>\t\t\t\t<\/div>\n\t\t\t\t<\/div>\n\t\t\t\t<div class=\"elementor-element elementor-element-11d98f67 elementor-widget elementor-widget-text-editor\" data-id=\"11d98f67\" data-element_type=\"widget\" data-e-type=\"widget\" data-widget_type=\"text-editor.default\">\n\t\t\t\t<div class=\"elementor-widget-container\">\n\t\t\t\t\t\t\t\t\t<p>Like most online services, our website uses first-party and third-party cookies for a number of purposes. First-party cookies are usually necessary for the proper functioning of the website and do not collect any of your personal data.<\/p><p>In particular, third-party cookies used on our website serve to understand how the website works, how you communicate with it, to maintain the security of our services, to provide advertisements that are relevant to you. Overall, they provide you with a better and better user experience and help accelerate your future interactions with our website.<\/p>\t\t\t\t\t\t\t\t<\/div>\n\t\t\t\t<\/div>\n\t\t\t\t<div class=\"elementor-element elementor-element-3e2fbc71 elementor-widget elementor-widget-heading\" data-id=\"3e2fbc71\" data-element_type=\"widget\" data-e-type=\"widget\" data-widget_type=\"heading.default\">\n\t\t\t\t<div class=\"elementor-widget-container\">\n\t\t\t\t\t<h3 class=\"elementor-heading-title elementor-size-default\">What types of cookies do we use?<\/h3>\t\t\t\t<\/div>\n\t\t\t\t<\/div>\n\t\t\t\t<div class=\"elementor-element elementor-element-14000931 elementor-widget elementor-widget-text-editor\" data-id=\"14000931\" data-element_type=\"widget\" data-e-type=\"widget\" data-widget_type=\"text-editor.default\">\n\t\t\t\t<div class=\"elementor-widget-container\">\n\t\t\t\t\t\t\t\t\t<p><em><strong>Analytics:<\/strong><\/em> Analytics cookies are used to understand how visitors interact with the website. These cookies help provide information about metrics such as visitor count, departure rate, traffic source, etc.<\/p><p><em><strong>Functional:<\/strong><\/em> Functional cookies help perform certain functions, such as sharing website content on social media platforms, collecting feedback and other third-party features.<\/p><p><em><strong>Advertising<\/strong><\/em>: Advertising cookies are used to provide relevant ads and marketing campaigns to visitors. These cookies track visitors to the website and collect information to provide personalized advertisements.<\/p><p><em><strong>Performance<\/strong><\/em>: Performance cookies are used to understand and analyze key website performance indices, helping to provide a better user experience for visitors.<\/p><p><em><strong>Necessary<\/strong><\/em>: Necessary cookies are absolutely necessary for the proper functioning of the website. These cookies anonymously provide the basic functions and security features of the website.<\/p><p><em><strong>Other<\/strong><\/em>: Other non-categorized cookies are those that are analyzed and have not yet been categorized.[cookie_audit columns=&#8221;cookie,description&#8221; heading=&#8221;Ni\u017e\u0161ie uveden\u00fd zoznam podrobne popisuje s\u00fabory cookie pou\u017e\u00edvan\u00e9 na na\u0161ej webovej lokalite.&#8221;]<\/p><p>[cookie_audit columns=&#8221;cookie,description&#8221; heading=&#8221;Ni\u017e\u0161ie uveden\u00fd zoznam podrobne popisuje s\u00fabory cookie pou\u017e\u00edvan\u00e9 na na\u0161ej webovej lokalite.&#8221;]<\/p>\t\t\t\t\t\t\t\t<\/div>\n\t\t\t\t<\/div>\n\t\t\t\t<div class=\"elementor-element elementor-element-5d2b7257 elementor-widget elementor-widget-heading\" data-id=\"5d2b7257\" data-element_type=\"widget\" data-e-type=\"widget\" data-widget_type=\"heading.default\">\n\t\t\t\t<div class=\"elementor-widget-container\">\n\t\t\t\t\t<h3 class=\"elementor-heading-title elementor-size-default\">How do I control my cookie settings?<\/h3>\t\t\t\t<\/div>\n\t\t\t\t<\/div>\n\t\t\t\t<div class=\"elementor-element elementor-element-44d6c45e elementor-widget elementor-widget-text-editor\" data-id=\"44d6c45e\" data-element_type=\"widget\" data-e-type=\"widget\" data-widget_type=\"text-editor.default\">\n\t\t\t\t<div class=\"elementor-widget-container\">\n\t\t\t\t\t\t\t\t\t<p>If you decide to change your settings later while browsing, you can click on the &#8220;Manage your consent&#8221; link on this page in the first section. This will again show a consent notice that allows you to change your preferences or withdraw your consent altogether.<\/p><p>In addition, different browsers provide different ways of blocking and deleting cookies used by the website. You can change your browser settings and block\/delete cookies. For more information on how to manage and delete cookies, visit the wikipedia.org www.allaboutcookies.org.<\/p>\t\t\t\t\t\t\t\t<\/div>\n\t\t\t\t<\/div>\n\t\t\t\t\t<\/div>\n\t\t<\/div>\n\t\t\t\t\t<\/div>\n\t\t<\/section>\n\t\t\t\t<\/div>\n\t\t","protected":false},"excerpt":{"rendered":"<p>About this Cookie Policy This Cookie Policy explains what cookies are and how we use them, what types of cookies we use i.e. what information we collect using cookies and how this information is used, and how to control cookie settings. You can change or withdraw your consent from the cookie statement on our website [&hellip;]<\/p>\n","protected":false},"author":1,"featured_media":0,"parent":0,"menu_order":0,"comment_status":"closed","ping_status":"closed","template":"","meta":{"_acf_changed":false,"footnotes":""},"class_list":["post-939","page","type-page","status-publish","hentry"],"acf":[],"_links":{"self":[{"href":"https:\/\/uprezeny.sk\/en\/wp-json\/wp\/v2\/pages\/939","targetHints":{"allow":["GET"]}}],"collection":[{"href":"https:\/\/uprezeny.sk\/en\/wp-json\/wp\/v2\/pages"}],"about":[{"href":"https:\/\/uprezeny.sk\/en\/wp-json\/wp\/v2\/types\/page"}],"author":[{"embeddable":true,"href":"https:\/\/uprezeny.sk\/en\/wp-json\/wp\/v2\/users\/1"}],"replies":[{"embeddable":true,"href":"https:\/\/uprezeny.sk\/en\/wp-json\/wp\/v2\/comments?post=939"}],"version-history":[{"count":9,"href":"https:\/\/uprezeny.sk\/en\/wp-json\/wp\/v2\/pages\/939\/revisions"}],"predecessor-version":[{"id":1106,"href":"https:\/\/uprezeny.sk\/en\/wp-json\/wp\/v2\/pages\/939\/revisions\/1106"}],"wp:attachment":[{"href":"https:\/\/uprezeny.sk\/en\/wp-json\/wp\/v2\/media?parent=939"}],"curies":[{"name":"wp","href":"https:\/\/api.w.org\/{rel}","templated":true}]}}