{"id":879,"date":"2022-04-05T09:19:11","date_gmt":"2022-04-05T07:19:11","guid":{"rendered":"https:\/\/uprezeny.sk\/news\/"},"modified":"2026-02-05T13:00:13","modified_gmt":"2026-02-05T12:00:13","slug":"news","status":"publish","type":"page","link":"https:\/\/uprezeny.sk\/en\/news\/","title":{"rendered":"NEWS"},"content":{"rendered":"\t\t<div data-elementor-type=\"wp-page\" data-elementor-id=\"879\" class=\"elementor elementor-879 elementor-704\" data-elementor-post-type=\"page\">\n\t\t\t\t<div class=\"elementor-element elementor-element-e5d333e e-flex e-con-boxed e-con e-parent\" data-id=\"e5d333e\" data-element_type=\"container\" data-e-type=\"container\">\n\t\t\t\t\t<div class=\"e-con-inner\">\n\t\t\t\t<div class=\"elementor-element elementor-element-62e9840 elementor-grid-3 elementor-grid-tablet-2 elementor-grid-mobile-1 elementor-posts--thumbnail-top elementor-card-shadow-yes elementor-posts__hover-gradient elementor-widget elementor-widget-posts\" data-id=\"62e9840\" data-element_type=\"widget\" data-e-type=\"widget\" data-settings=\"{&quot;pagination_type&quot;:&quot;numbers&quot;,&quot;cards_columns&quot;:&quot;3&quot;,&quot;cards_columns_tablet&quot;:&quot;2&quot;,&quot;cards_columns_mobile&quot;:&quot;1&quot;,&quot;cards_row_gap&quot;:{&quot;unit&quot;:&quot;px&quot;,&quot;size&quot;:35,&quot;sizes&quot;:[]},&quot;cards_row_gap_tablet&quot;:{&quot;unit&quot;:&quot;px&quot;,&quot;size&quot;:&quot;&quot;,&quot;sizes&quot;:[]},&quot;cards_row_gap_mobile&quot;:{&quot;unit&quot;:&quot;px&quot;,&quot;size&quot;:&quot;&quot;,&quot;sizes&quot;:[]}}\" data-widget_type=\"posts.cards\">\n\t\t\t\t<div class=\"elementor-widget-container\">\n\t\t\t\t\t\t\t<div class=\"elementor-posts-container elementor-posts elementor-posts--skin-cards elementor-grid\" role=\"list\">\n\t\t\t\t<article class=\"elementor-post elementor-grid-item post-2779 post type-post status-publish format-standard has-post-thumbnail hentry category-news\" role=\"listitem\">\n\t\t\t<div class=\"elementor-post__card\">\n\t\t\t\t<a class=\"elementor-post__thumbnail__link\" href=\"https:\/\/uprezeny.sk\/en\/how-the-upre-programme-changed-the-lives-of-two-extraordinary-women\/\" tabindex=\"-1\"><div class=\"elementor-post__thumbnail\"><img fetchpriority=\"high\" decoding=\"async\" width=\"768\" height=\"511\" src=\"https:\/\/uprezeny.sk\/wp-content\/uploads\/2022\/03\/RN_UPRE_portraits_Dobsina-33-768x511.jpg\" class=\"attachment-medium_large size-medium_large wp-image-1249\" alt=\"Monika, Upre \u017eeny\" srcset=\"https:\/\/uprezeny.sk\/wp-content\/uploads\/2022\/03\/RN_UPRE_portraits_Dobsina-33-768x511.jpg 768w, https:\/\/uprezeny.sk\/wp-content\/uploads\/2022\/03\/RN_UPRE_portraits_Dobsina-33-300x200.jpg 300w, https:\/\/uprezeny.sk\/wp-content\/uploads\/2022\/03\/RN_UPRE_portraits_Dobsina-33-1024x681.jpg 1024w, https:\/\/uprezeny.sk\/wp-content\/uploads\/2022\/03\/RN_UPRE_portraits_Dobsina-33-1536x1022.jpg 1536w, https:\/\/uprezeny.sk\/wp-content\/uploads\/2022\/03\/RN_UPRE_portraits_Dobsina-33-scaled.jpg 2048w\" sizes=\"(max-width: 768px) 100vw, 768px\" \/><\/div><\/a>\n\t\t\t\t<div class=\"elementor-post__text\">\n\t\t\t\t<h3 class=\"elementor-post__title\">\n\t\t\t<a href=\"https:\/\/uprezeny.sk\/en\/how-the-upre-programme-changed-the-lives-of-two-extraordinary-women\/\">\n\t\t\t\tHow the UPre programme changed the lives of two extraordinary women\t\t\t<\/a>\n\t\t<\/h3>\n\t\t\t\t<div class=\"elementor-post__excerpt\">\n\t\t\t<p>I can achieve a lot more than I thought Monika, a mother of five children, lives in a Roma settlement in Dob\u0161in\u00e1. It is one<\/p>\n\t\t<\/div>\n\t\t\n\t\t<a class=\"elementor-post__read-more\" href=\"https:\/\/uprezeny.sk\/en\/how-the-upre-programme-changed-the-lives-of-two-extraordinary-women\/\" aria-label=\"Read more about How the UPre programme changed the lives of two extraordinary women\" tabindex=\"-1\">\n\t\t\tShow news \u00bb\t\t<\/a>\n\n\t\t\t\t<\/div>\n\t\t\t\t<div class=\"elementor-post__meta-data\">\n\t\t\t\t\t<span class=\"elementor-post-date\">\n\t\t\t3. December 2024\t\t<\/span>\n\t\t\t\t<\/div>\n\t\t\t\t\t<\/div>\n\t\t<\/article>\n\t\t\t\t<article class=\"elementor-post elementor-grid-item post-2717 post type-post status-publish format-standard has-post-thumbnail hentry category-novinky\" role=\"listitem\">\n\t\t\t<div class=\"elementor-post__card\">\n\t\t\t\t<a class=\"elementor-post__thumbnail__link\" href=\"https:\/\/uprezeny.sk\/en\/the-best-of-upre-women-programme\/\" tabindex=\"-1\"><div class=\"elementor-post__thumbnail\"><img decoding=\"async\" width=\"768\" height=\"513\" src=\"https:\/\/uprezeny.sk\/wp-content\/uploads\/2024\/03\/dsc_8830-768x513.jpg\" class=\"attachment-medium_large size-medium_large wp-image-1863\" alt=\"Upre \u017eeny to naj\" srcset=\"https:\/\/uprezeny.sk\/wp-content\/uploads\/2024\/03\/dsc_8830-768x513.jpg 768w, https:\/\/uprezeny.sk\/wp-content\/uploads\/2024\/03\/dsc_8830-300x200.jpg 300w, https:\/\/uprezeny.sk\/wp-content\/uploads\/2024\/03\/dsc_8830-1024x684.jpg 1024w, https:\/\/uprezeny.sk\/wp-content\/uploads\/2024\/03\/dsc_8830-1536x1025.jpg 1536w, https:\/\/uprezeny.sk\/wp-content\/uploads\/2024\/03\/dsc_8830.jpg 2048w\" sizes=\"(max-width: 768px) 100vw, 768px\" \/><\/div><\/a>\n\t\t\t\t<div class=\"elementor-post__text\">\n\t\t\t\t<h3 class=\"elementor-post__title\">\n\t\t\t<a href=\"https:\/\/uprezeny.sk\/en\/the-best-of-upre-women-programme\/\">\n\t\t\t\tThe BEST of UPre Women programme\t\t\t<\/a>\n\t\t<\/h3>\n\t\t\t\t<div class=\"elementor-post__excerpt\">\n\t\t\t<p>The pilot year of the UPre Women programme started in January 2022 and ran until August 2023. However, before the actual launch, we conducted a<\/p>\n\t\t<\/div>\n\t\t\n\t\t<a class=\"elementor-post__read-more\" href=\"https:\/\/uprezeny.sk\/en\/the-best-of-upre-women-programme\/\" aria-label=\"Read more about The BEST of UPre Women programme\" tabindex=\"-1\">\n\t\t\tShow news \u00bb\t\t<\/a>\n\n\t\t\t\t<\/div>\n\t\t\t\t<div class=\"elementor-post__meta-data\">\n\t\t\t\t\t<span class=\"elementor-post-date\">\n\t\t\t16. September 2024\t\t<\/span>\n\t\t\t\t<\/div>\n\t\t\t\t\t<\/div>\n\t\t<\/article>\n\t\t\t\t<article class=\"elementor-post elementor-grid-item post-2558 post type-post status-publish format-standard has-post-thumbnail hentry category-news\" role=\"listitem\">\n\t\t\t<div class=\"elementor-post__card\">\n\t\t\t\t<a class=\"elementor-post__thumbnail__link\" href=\"https:\/\/uprezeny.sk\/en\/what-did-the-women-learn-from-the-training-at-deutsche-telekom-services-europe-slovakia\/\" tabindex=\"-1\"><div class=\"elementor-post__thumbnail\"><img decoding=\"async\" width=\"768\" height=\"512\" src=\"https:\/\/uprezeny.sk\/wp-content\/uploads\/2024\/07\/image00008-768x512.jpeg\" class=\"attachment-medium_large size-medium_large wp-image-2184\" alt=\"\" srcset=\"https:\/\/uprezeny.sk\/wp-content\/uploads\/2024\/07\/image00008-768x512.jpeg 768w, https:\/\/uprezeny.sk\/wp-content\/uploads\/2024\/07\/image00008-300x200.jpeg 300w, https:\/\/uprezeny.sk\/wp-content\/uploads\/2024\/07\/image00008-1024x683.jpeg 1024w, https:\/\/uprezeny.sk\/wp-content\/uploads\/2024\/07\/image00008-1536x1024.jpeg 1536w, https:\/\/uprezeny.sk\/wp-content\/uploads\/2024\/07\/image00008-scaled.jpeg 2048w\" sizes=\"(max-width: 768px) 100vw, 768px\" \/><\/div><\/a>\n\t\t\t\t<div class=\"elementor-post__text\">\n\t\t\t\t<h3 class=\"elementor-post__title\">\n\t\t\t<a href=\"https:\/\/uprezeny.sk\/en\/what-did-the-women-learn-from-the-training-at-deutsche-telekom-services-europe-slovakia\/\">\n\t\t\t\tWhat did the women learn from the training at Deutsche Telekom Services Europe Slovakia?\t\t\t<\/a>\n\t\t<\/h3>\n\t\t\t\t<div class=\"elementor-post__excerpt\">\n\t\t\t<p>Working with computers, internet safety, creating and using own email, and creating an online resume were taught to four UPre women at the end of<\/p>\n\t\t<\/div>\n\t\t\n\t\t<a class=\"elementor-post__read-more\" href=\"https:\/\/uprezeny.sk\/en\/what-did-the-women-learn-from-the-training-at-deutsche-telekom-services-europe-slovakia\/\" aria-label=\"Read more about What did the women learn from the training at Deutsche Telekom Services Europe Slovakia?\" tabindex=\"-1\">\n\t\t\tShow news \u00bb\t\t<\/a>\n\n\t\t\t\t<\/div>\n\t\t\t\t<div class=\"elementor-post__meta-data\">\n\t\t\t\t\t<span class=\"elementor-post-date\">\n\t\t\t31. July 2024\t\t<\/span>\n\t\t\t\t<\/div>\n\t\t\t\t\t<\/div>\n\t\t<\/article>\n\t\t\t\t<article class=\"elementor-post elementor-grid-item post-2740 post type-post status-publish format-standard has-post-thumbnail hentry category-news\" role=\"listitem\">\n\t\t\t<div class=\"elementor-post__card\">\n\t\t\t\t<a class=\"elementor-post__thumbnail__link\" href=\"https:\/\/uprezeny.sk\/en\/who-trains-our-upre-women\/\" tabindex=\"-1\"><div class=\"elementor-post__thumbnail\"><img loading=\"lazy\" decoding=\"async\" width=\"768\" height=\"432\" src=\"https:\/\/uprezeny.sk\/wp-content\/uploads\/2024\/06\/DSC_0762-2-768x432.jpg\" class=\"attachment-medium_large size-medium_large wp-image-2128\" alt=\"\u0160kolenie UPre \u017eeny\" srcset=\"https:\/\/uprezeny.sk\/wp-content\/uploads\/2024\/06\/DSC_0762-2-768x432.jpg 768w, https:\/\/uprezeny.sk\/wp-content\/uploads\/2024\/06\/DSC_0762-2-300x169.jpg 300w, https:\/\/uprezeny.sk\/wp-content\/uploads\/2024\/06\/DSC_0762-2-1024x576.jpg 1024w, https:\/\/uprezeny.sk\/wp-content\/uploads\/2024\/06\/DSC_0762-2-1536x864.jpg 1536w, https:\/\/uprezeny.sk\/wp-content\/uploads\/2024\/06\/DSC_0762-2-scaled.jpg 2048w\" sizes=\"(max-width: 768px) 100vw, 768px\" \/><\/div><\/a>\n\t\t\t\t<div class=\"elementor-post__text\">\n\t\t\t\t<h3 class=\"elementor-post__title\">\n\t\t\t<a href=\"https:\/\/uprezeny.sk\/en\/who-trains-our-upre-women\/\">\n\t\t\t\tWho trains our UPre women?\t\t\t<\/a>\n\t\t<\/h3>\n\t\t\t\t<div class=\"elementor-post__excerpt\">\n\t\t\t<p>Participants of the UPre Women programme receive training in professional area (writing a CV, preparing for an interview, etc.), financial literacy, as well as in<\/p>\n\t\t<\/div>\n\t\t\n\t\t<a class=\"elementor-post__read-more\" href=\"https:\/\/uprezeny.sk\/en\/who-trains-our-upre-women\/\" aria-label=\"Read more about Who trains our UPre women?\" tabindex=\"-1\">\n\t\t\tShow news \u00bb\t\t<\/a>\n\n\t\t\t\t<\/div>\n\t\t\t\t<div class=\"elementor-post__meta-data\">\n\t\t\t\t\t<span class=\"elementor-post-date\">\n\t\t\t19. June 2024\t\t<\/span>\n\t\t\t\t<\/div>\n\t\t\t\t\t<\/div>\n\t\t<\/article>\n\t\t\t\t<article class=\"elementor-post elementor-grid-item post-2120 post type-post status-publish format-standard has-post-thumbnail hentry category-news\" role=\"listitem\">\n\t\t\t<div class=\"elementor-post__card\">\n\t\t\t\t<a class=\"elementor-post__thumbnail__link\" href=\"https:\/\/uprezeny.sk\/en\/we-wrote-down-barriers-and-recommendations-for-the-employment-of-women-from-marginalized-roma-communities-mrc\/\" tabindex=\"-1\"><div class=\"elementor-post__thumbnail\"><img loading=\"lazy\" decoding=\"async\" width=\"768\" height=\"1090\" src=\"https:\/\/uprezeny.sk\/wp-content\/uploads\/2024\/05\/UPre-zeny_Odporucania-pre-zamestnavatelov-1_page-0001-768x1090.jpg\" class=\"attachment-medium_large size-medium_large wp-image-2095\" alt=\"Odpor\u00fa\u010dania pre zamestn\u00e1vate\u013eov\" srcset=\"https:\/\/uprezeny.sk\/wp-content\/uploads\/2024\/05\/UPre-zeny_Odporucania-pre-zamestnavatelov-1_page-0001-768x1090.jpg 768w, https:\/\/uprezeny.sk\/wp-content\/uploads\/2024\/05\/UPre-zeny_Odporucania-pre-zamestnavatelov-1_page-0001-211x300.jpg 211w, https:\/\/uprezeny.sk\/wp-content\/uploads\/2024\/05\/UPre-zeny_Odporucania-pre-zamestnavatelov-1_page-0001-721x1024.jpg 721w, https:\/\/uprezeny.sk\/wp-content\/uploads\/2024\/05\/UPre-zeny_Odporucania-pre-zamestnavatelov-1_page-0001-1082x1536.jpg 1082w, https:\/\/uprezeny.sk\/wp-content\/uploads\/2024\/05\/UPre-zeny_Odporucania-pre-zamestnavatelov-1_page-0001.jpg 1123w\" sizes=\"(max-width: 768px) 100vw, 768px\" \/><\/div><\/a>\n\t\t\t\t<div class=\"elementor-post__text\">\n\t\t\t\t<h3 class=\"elementor-post__title\">\n\t\t\t<a href=\"https:\/\/uprezeny.sk\/en\/we-wrote-down-barriers-and-recommendations-for-the-employment-of-women-from-marginalized-roma-communities-mrc\/\">\n\t\t\t\tWe wrote down barriers and recommendations for the employment of women from marginalized Roma communities (MRC)\t\t\t<\/a>\n\t\t<\/h3>\n\t\t\t\t<div class=\"elementor-post__excerpt\">\n\t\t\t<p>During the implementation of the UPre Women programme and event with employers, we identified barriers that hinder Roma women from disadvantaged backgrounds from finding, obtaining,<\/p>\n\t\t<\/div>\n\t\t\n\t\t<a class=\"elementor-post__read-more\" href=\"https:\/\/uprezeny.sk\/en\/we-wrote-down-barriers-and-recommendations-for-the-employment-of-women-from-marginalized-roma-communities-mrc\/\" aria-label=\"Read more about We wrote down barriers and recommendations for the employment of women from marginalized Roma communities (MRC)\" tabindex=\"-1\">\n\t\t\tShow news \u00bb\t\t<\/a>\n\n\t\t\t\t<\/div>\n\t\t\t\t<div class=\"elementor-post__meta-data\">\n\t\t\t\t\t<span class=\"elementor-post-date\">\n\t\t\t24. May 2024\t\t<\/span>\n\t\t\t\t<\/div>\n\t\t\t\t\t<\/div>\n\t\t<\/article>\n\t\t\t\t<article class=\"elementor-post elementor-grid-item post-1938 post type-post status-publish format-standard has-post-thumbnail hentry category-news\" role=\"listitem\">\n\t\t\t<div class=\"elementor-post__card\">\n\t\t\t\t<a class=\"elementor-post__thumbnail__link\" href=\"https:\/\/uprezeny.sk\/en\/women-need-support-not-criticism\/\" tabindex=\"-1\"><div class=\"elementor-post__thumbnail\"><img loading=\"lazy\" decoding=\"async\" width=\"768\" height=\"513\" src=\"https:\/\/uprezeny.sk\/wp-content\/uploads\/2024\/03\/dsc_8452-2-768x513.jpg\" class=\"attachment-medium_large size-medium_large wp-image-1879\" alt=\"\u017deny na svete \u017eien, podpora, kritika\" srcset=\"https:\/\/uprezeny.sk\/wp-content\/uploads\/2024\/03\/dsc_8452-2-768x513.jpg 768w, https:\/\/uprezeny.sk\/wp-content\/uploads\/2024\/03\/dsc_8452-2-300x200.jpg 300w, https:\/\/uprezeny.sk\/wp-content\/uploads\/2024\/03\/dsc_8452-2-1024x684.jpg 1024w, https:\/\/uprezeny.sk\/wp-content\/uploads\/2024\/03\/dsc_8452-2-1536x1025.jpg 1536w, https:\/\/uprezeny.sk\/wp-content\/uploads\/2024\/03\/dsc_8452-2.jpg 2048w\" sizes=\"(max-width: 768px) 100vw, 768px\" \/><\/div><\/a>\n\t\t\t\t<div class=\"elementor-post__text\">\n\t\t\t\t<h3 class=\"elementor-post__title\">\n\t\t\t<a href=\"https:\/\/uprezeny.sk\/en\/women-need-support-not-criticism\/\">\n\t\t\t\tWomen need support, not criticism\t\t\t<\/a>\n\t\t<\/h3>\n\t\t\t\t<div class=\"elementor-post__excerpt\">\n\t\t\t<p>In the event called World of Women, successful women who have the opportunity to influence the lives of others and inspire people around them, have<\/p>\n\t\t<\/div>\n\t\t\n\t\t<a class=\"elementor-post__read-more\" href=\"https:\/\/uprezeny.sk\/en\/women-need-support-not-criticism\/\" aria-label=\"Read more about Women need support, not criticism\" tabindex=\"-1\">\n\t\t\tShow news \u00bb\t\t<\/a>\n\n\t\t\t\t<\/div>\n\t\t\t\t<div class=\"elementor-post__meta-data\">\n\t\t\t\t\t<span class=\"elementor-post-date\">\n\t\t\t14. March 2024\t\t<\/span>\n\t\t\t\t<\/div>\n\t\t\t\t\t<\/div>\n\t\t<\/article>\n\t\t\t\t<article class=\"elementor-post elementor-grid-item post-1944 post type-post status-publish format-standard has-post-thumbnail hentry category-news\" role=\"listitem\">\n\t\t\t<div class=\"elementor-post__card\">\n\t\t\t\t<a class=\"elementor-post__thumbnail__link\" href=\"https:\/\/uprezeny.sk\/en\/the-new-publication-captures-our-insights-and-approaches-to-empowering-roma-women\/\" tabindex=\"-1\"><div class=\"elementor-post__thumbnail\"><img loading=\"lazy\" decoding=\"async\" width=\"615\" height=\"378\" src=\"https:\/\/uprezeny.sk\/wp-content\/uploads\/2024\/03\/Up.jpg\" class=\"attachment-medium_large size-medium_large wp-image-1834\" alt=\"Publik\u00e1cia, zistenia UPre \u017eeny\" srcset=\"https:\/\/uprezeny.sk\/wp-content\/uploads\/2024\/03\/Up.jpg 615w, https:\/\/uprezeny.sk\/wp-content\/uploads\/2024\/03\/Up-300x184.jpg 300w\" sizes=\"(max-width: 615px) 100vw, 615px\" \/><\/div><\/a>\n\t\t\t\t<div class=\"elementor-post__text\">\n\t\t\t\t<h3 class=\"elementor-post__title\">\n\t\t\t<a href=\"https:\/\/uprezeny.sk\/en\/the-new-publication-captures-our-insights-and-approaches-to-empowering-roma-women\/\">\n\t\t\t\tThe new publication captures our insights and approaches to empowering Roma women.\t\t\t<\/a>\n\t\t<\/h3>\n\t\t\t\t<div class=\"elementor-post__excerpt\">\n\t\t\t<p>The &#8220;UPre Women&#8221; publication is full of findings, experiences, and recommendations we have gained from a year of working with women in Dob\u0161in\u00e1 and Ve\u013ek\u00fd<\/p>\n\t\t<\/div>\n\t\t\n\t\t<a class=\"elementor-post__read-more\" href=\"https:\/\/uprezeny.sk\/en\/the-new-publication-captures-our-insights-and-approaches-to-empowering-roma-women\/\" aria-label=\"Read more about The new publication captures our insights and approaches to empowering Roma women.\" tabindex=\"-1\">\n\t\t\tShow news \u00bb\t\t<\/a>\n\n\t\t\t\t<\/div>\n\t\t\t\t<div class=\"elementor-post__meta-data\">\n\t\t\t\t\t<span class=\"elementor-post-date\">\n\t\t\t13. March 2024\t\t<\/span>\n\t\t\t\t<\/div>\n\t\t\t\t\t<\/div>\n\t\t<\/article>\n\t\t\t\t<article class=\"elementor-post elementor-grid-item post-1948 post type-post status-publish format-standard has-post-thumbnail hentry category-news\" role=\"listitem\">\n\t\t\t<div class=\"elementor-post__card\">\n\t\t\t\t<a class=\"elementor-post__thumbnail__link\" href=\"https:\/\/uprezeny.sk\/en\/upre-women-moved-to-the-lunik-ix-area-in-kosice\/\" tabindex=\"-1\"><div class=\"elementor-post__thumbnail\"><img loading=\"lazy\" decoding=\"async\" width=\"768\" height=\"513\" src=\"https:\/\/uprezeny.sk\/wp-content\/uploads\/2024\/02\/DSC_7049-768x513.jpg\" class=\"attachment-medium_large size-medium_large wp-image-1730\" alt=\"Lun\u00edk IX \u017eeny sa vzdel\u00e1vaj\u00fa\" srcset=\"https:\/\/uprezeny.sk\/wp-content\/uploads\/2024\/02\/DSC_7049-768x513.jpg 768w, https:\/\/uprezeny.sk\/wp-content\/uploads\/2024\/02\/DSC_7049-300x200.jpg 300w, https:\/\/uprezeny.sk\/wp-content\/uploads\/2024\/02\/DSC_7049-1024x684.jpg 1024w, https:\/\/uprezeny.sk\/wp-content\/uploads\/2024\/02\/DSC_7049-1536x1025.jpg 1536w, https:\/\/uprezeny.sk\/wp-content\/uploads\/2024\/02\/DSC_7049-scaled.jpg 2048w\" sizes=\"(max-width: 768px) 100vw, 768px\" \/><\/div><\/a>\n\t\t\t\t<div class=\"elementor-post__text\">\n\t\t\t\t<h3 class=\"elementor-post__title\">\n\t\t\t<a href=\"https:\/\/uprezeny.sk\/en\/upre-women-moved-to-the-lunik-ix-area-in-kosice\/\">\n\t\t\t\tUPre Women moved to the Lun\u00edk IX area in Ko\u0161ice\t\t\t<\/a>\n\t\t<\/h3>\n\t\t\t\t<div class=\"elementor-post__excerpt\">\n\t\t\t<p>The programme helps Roma women from impoverished environments to change their mindset, become aware of their rights and responsibilities, and gain the desire and strength<\/p>\n\t\t<\/div>\n\t\t\n\t\t<a class=\"elementor-post__read-more\" href=\"https:\/\/uprezeny.sk\/en\/upre-women-moved-to-the-lunik-ix-area-in-kosice\/\" aria-label=\"Read more about UPre Women moved to the Lun\u00edk IX area in Ko\u0161ice\" tabindex=\"-1\">\n\t\t\tShow news \u00bb\t\t<\/a>\n\n\t\t\t\t<\/div>\n\t\t\t\t<div class=\"elementor-post__meta-data\">\n\t\t\t\t\t<span class=\"elementor-post-date\">\n\t\t\t13. February 2024\t\t<\/span>\n\t\t\t\t<\/div>\n\t\t\t\t\t<\/div>\n\t\t<\/article>\n\t\t\t\t<article class=\"elementor-post elementor-grid-item post-1952 post type-post status-publish format-standard has-post-thumbnail hentry category-news\" role=\"listitem\">\n\t\t\t<div class=\"elementor-post__card\">\n\t\t\t\t<a class=\"elementor-post__thumbnail__link\" href=\"https:\/\/uprezeny.sk\/en\/experts-employers-and-roma-women-discussed-about-a-significant-problem-that-receives-too-little-attention-in-slovakia\/\" tabindex=\"-1\"><div class=\"elementor-post__thumbnail\"><img loading=\"lazy\" decoding=\"async\" width=\"768\" height=\"512\" src=\"https:\/\/uprezeny.sk\/wp-content\/uploads\/2023\/09\/IMG_7119-2-768x512.jpg\" class=\"attachment-medium_large size-medium_large wp-image-1676\" alt=\"Konferencia UPre \u017eeny\" srcset=\"https:\/\/uprezeny.sk\/wp-content\/uploads\/2023\/09\/IMG_7119-2-768x512.jpg 768w, https:\/\/uprezeny.sk\/wp-content\/uploads\/2023\/09\/IMG_7119-2-300x200.jpg 300w, https:\/\/uprezeny.sk\/wp-content\/uploads\/2023\/09\/IMG_7119-2-1024x683.jpg 1024w, https:\/\/uprezeny.sk\/wp-content\/uploads\/2023\/09\/IMG_7119-2-1536x1024.jpg 1536w, https:\/\/uprezeny.sk\/wp-content\/uploads\/2023\/09\/IMG_7119-2.jpg 2048w\" sizes=\"(max-width: 768px) 100vw, 768px\" \/><\/div><\/a>\n\t\t\t\t<div class=\"elementor-post__text\">\n\t\t\t\t<h3 class=\"elementor-post__title\">\n\t\t\t<a href=\"https:\/\/uprezeny.sk\/en\/experts-employers-and-roma-women-discussed-about-a-significant-problem-that-receives-too-little-attention-in-slovakia\/\">\n\t\t\t\tExperts, employers, and Roma women discussed about a significant problem that receives too little attention in Slovakia\t\t\t<\/a>\n\t\t<\/h3>\n\t\t\t\t<div class=\"elementor-post__excerpt\">\n\t\t\t<p>The employment rate of Roma women aged 16 to 64 is at 16%* In other progressive countries, these numbers would raise alarm, and authorities would<\/p>\n\t\t<\/div>\n\t\t\n\t\t<a class=\"elementor-post__read-more\" href=\"https:\/\/uprezeny.sk\/en\/experts-employers-and-roma-women-discussed-about-a-significant-problem-that-receives-too-little-attention-in-slovakia\/\" aria-label=\"Read more about Experts, employers, and Roma women discussed about a significant problem that receives too little attention in Slovakia\" tabindex=\"-1\">\n\t\t\tShow news \u00bb\t\t<\/a>\n\n\t\t\t\t<\/div>\n\t\t\t\t<div class=\"elementor-post__meta-data\">\n\t\t\t\t\t<span class=\"elementor-post-date\">\n\t\t\t19. September 2023\t\t<\/span>\n\t\t\t\t<\/div>\n\t\t\t\t\t<\/div>\n\t\t<\/article>\n\t\t\t\t<\/div>\n\t\t\n\t\t\t\t<div class=\"e-load-more-anchor\" data-page=\"1\" data-max-page=\"2\" data-next-page=\"https:\/\/uprezeny.sk\/en\/wp-json\/wp\/v2\/pages\/879\/page\/2\/\"><\/div>\n\t\t\t\t<nav class=\"elementor-pagination\" aria-label=\"Pagination\">\n\t\t\t<span aria-current=\"page\" class=\"page-numbers current\"><span class=\"elementor-screen-only\">Page<\/span>1<\/span>\n<a class=\"page-numbers\" href=\"https:\/\/uprezeny.sk\/en\/wp-json\/wp\/v2\/pages\/879\/page\/2\/\"><span class=\"elementor-screen-only\">Page<\/span>2<\/a>\t\t<\/nav>\n\t\t\t\t\t\t<\/div>\n\t\t\t\t<\/div>\n\t\t\t\t\t<\/div>\n\t\t\t\t<\/div>\n\t\t\t\t<\/div>\n\t\t","protected":false},"excerpt":{"rendered":"","protected":false},"author":1,"featured_media":0,"parent":0,"menu_order":0,"comment_status":"closed","ping_status":"closed","template":"","meta":{"_acf_changed":false,"footnotes":""},"class_list":["post-879","page","type-page","status-publish","hentry"],"acf":[],"_links":{"self":[{"href":"https:\/\/uprezeny.sk\/en\/wp-json\/wp\/v2\/pages\/879","targetHints":{"allow":["GET"]}}],"collection":[{"href":"https:\/\/uprezeny.sk\/en\/wp-json\/wp\/v2\/pages"}],"about":[{"href":"https:\/\/uprezeny.sk\/en\/wp-json\/wp\/v2\/types\/page"}],"author":[{"embeddable":true,"href":"https:\/\/uprezeny.sk\/en\/wp-json\/wp\/v2\/users\/1"}],"replies":[{"embeddable":true,"href":"https:\/\/uprezeny.sk\/en\/wp-json\/wp\/v2\/comments?post=879"}],"version-history":[{"count":4,"href":"https:\/\/uprezeny.sk\/en\/wp-json\/wp\/v2\/pages\/879\/revisions"}],"predecessor-version":[{"id":3677,"href":"https:\/\/uprezeny.sk\/en\/wp-json\/wp\/v2\/pages\/879\/revisions\/3677"}],"wp:attachment":[{"href":"https:\/\/uprezeny.sk\/en\/wp-json\/wp\/v2\/media?parent=879"}],"curies":[{"name":"wp","href":"https:\/\/api.w.org\/{rel}","templated":true}]}}