{"id":3699,"date":"2024-03-13T08:35:06","date_gmt":"2024-03-13T07:35:06","guid":{"rendered":"https:\/\/uprezeny.sk\/upre-publication\/"},"modified":"2026-02-05T13:02:09","modified_gmt":"2026-02-05T12:02:09","slug":"upre-publication","status":"publish","type":"page","link":"https:\/\/uprezeny.sk\/en\/upre-publication\/","title":{"rendered":"UPre publication"},"content":{"rendered":"\t\t<div data-elementor-type=\"wp-page\" data-elementor-id=\"3699\" class=\"elementor elementor-3699 elementor-1805\" data-elementor-post-type=\"page\">\n\t\t\t\t\t\t<section class=\"elementor-section elementor-top-section elementor-element elementor-element-3e4d8f4 elementor-section-boxed elementor-section-height-default elementor-section-height-default\" data-id=\"3e4d8f4\" data-element_type=\"section\" data-e-type=\"section\">\n\t\t\t\t\t\t<div class=\"elementor-container elementor-column-gap-default\">\n\t\t\t\t\t<div class=\"elementor-column elementor-col-100 elementor-top-column elementor-element elementor-element-98a5ef8\" data-id=\"98a5ef8\" data-element_type=\"column\" data-e-type=\"column\">\n\t\t\t<div class=\"elementor-widget-wrap elementor-element-populated\">\n\t\t\t\t\t\t<div class=\"elementor-element elementor-element-4ea16a3 elementor-widget elementor-widget-text-editor\" data-id=\"4ea16a3\" data-element_type=\"widget\" data-e-type=\"widget\" data-widget_type=\"text-editor.default\">\n\t\t\t\t<div class=\"elementor-widget-container\">\n\t\t\t\t\t\t\t\t\t<h5>We have successfully completed the pilot part of the UPre Women programme and we have created a publication full of findings, experiences and recommendations that we have gained during our year-long work with women in Dob\u0161in\u00e1 and Ve\u013ek\u00fd Krt\u00ed\u0161.<\/h5>\t\t\t\t\t\t\t\t<\/div>\n\t\t\t\t<\/div>\n\t\t\t\t\t<\/div>\n\t\t<\/div>\n\t\t\t\t\t<\/div>\n\t\t<\/section>\n\t\t\t\t<section class=\"elementor-section elementor-top-section elementor-element elementor-element-4f68fc3 elementor-section-boxed elementor-section-height-default elementor-section-height-default\" data-id=\"4f68fc3\" data-element_type=\"section\" data-e-type=\"section\">\n\t\t\t\t\t\t<div class=\"elementor-container elementor-column-gap-default\">\n\t\t\t\t\t<div class=\"elementor-column elementor-col-100 elementor-top-column elementor-element elementor-element-4feff7f\" data-id=\"4feff7f\" data-element_type=\"column\" data-e-type=\"column\">\n\t\t\t<div class=\"elementor-widget-wrap elementor-element-populated\">\n\t\t\t\t\t\t<div class=\"elementor-element elementor-element-455d93d elementor-widget elementor-widget-text-editor\" data-id=\"455d93d\" data-element_type=\"widget\" data-e-type=\"widget\" data-widget_type=\"text-editor.default\">\n\t\t\t\t<div class=\"elementor-widget-container\">\n\t\t\t\t\t\t\t\t\t<p>This practical publication captures our approaches to empowering Roma women (one of the most disadvantaged groups of people living in Slovakia). Our work and support lead them to gain employment and, thanks to income and acquired knowledge, to change their lives for the better and break free from generational poverty. To achieve this goal, it is essential to work with women comprehensively and broaden their horizons in various topics.<\/p>\t\t\t\t\t\t\t\t<\/div>\n\t\t\t\t<\/div>\n\t\t\t\t\t<\/div>\n\t\t<\/div>\n\t\t\t\t\t<\/div>\n\t\t<\/section>\n\t\t\t\t<section class=\"elementor-section elementor-top-section elementor-element elementor-element-55ce854 elementor-section-boxed elementor-section-height-default elementor-section-height-default\" data-id=\"55ce854\" data-element_type=\"section\" data-e-type=\"section\">\n\t\t\t\t\t\t<div class=\"elementor-container elementor-column-gap-default\">\n\t\t\t\t\t<div class=\"elementor-column elementor-col-100 elementor-top-column elementor-element elementor-element-64e2d10\" data-id=\"64e2d10\" data-element_type=\"column\" data-e-type=\"column\">\n\t\t\t<div class=\"elementor-widget-wrap elementor-element-populated\">\n\t\t\t\t\t\t<div class=\"elementor-element elementor-element-01928ba elementor-blockquote--skin-border elementor-widget elementor-widget-blockquote\" data-id=\"01928ba\" data-element_type=\"widget\" data-e-type=\"widget\" data-widget_type=\"blockquote.default\">\n\t\t\t\t<div class=\"elementor-widget-container\">\n\t\t\t\t\t\t\t<blockquote class=\"elementor-blockquote\">\n\t\t\t<p class=\"elementor-blockquote__content\">\n\t\t\t\t\"This publication will enrich the work of professionals working on the inclusion of people living in marginalised Roma communities (and not only in the labour market).\"\t\t\t<\/p>\n\t\t\t\t\t\t\t<div class=\"e-q-footer\">\n\t\t\t\t\t\t\t\t\t\t\t<cite class=\"elementor-blockquote__author\">Veronika Mi\u0161kech Fri\u010dov\u00e1, programov\u00e1 riadite\u013eka Karpatskej nad\u00e1cie<\/cite>\n\t\t\t\t\t\t\t\t\t\t\t\t\t\t<\/div>\n\t\t\t\t\t<\/blockquote>\n\t\t\t\t\t\t<\/div>\n\t\t\t\t<\/div>\n\t\t\t\t\t<\/div>\n\t\t<\/div>\n\t\t\t\t\t<\/div>\n\t\t<\/section>\n\t\t\t\t<section class=\"elementor-section elementor-top-section elementor-element elementor-element-1c8eccd elementor-section-boxed elementor-section-height-default elementor-section-height-default\" data-id=\"1c8eccd\" data-element_type=\"section\" data-e-type=\"section\">\n\t\t\t\t\t\t<div class=\"elementor-container elementor-column-gap-default\">\n\t\t\t\t\t<div class=\"elementor-column elementor-col-100 elementor-top-column elementor-element elementor-element-add6e6e\" data-id=\"add6e6e\" data-element_type=\"column\" data-e-type=\"column\">\n\t\t\t<div class=\"elementor-widget-wrap elementor-element-populated\">\n\t\t\t\t\t\t<div class=\"elementor-element elementor-element-b1e71c5 elementor-widget elementor-widget-spacer\" data-id=\"b1e71c5\" data-element_type=\"widget\" data-e-type=\"widget\" data-widget_type=\"spacer.default\">\n\t\t\t\t<div class=\"elementor-widget-container\">\n\t\t\t\t\t\t\t<div class=\"elementor-spacer\">\n\t\t\t<div class=\"elementor-spacer-inner\"><\/div>\n\t\t<\/div>\n\t\t\t\t\t\t<\/div>\n\t\t\t\t<\/div>\n\t\t\t\t\t<\/div>\n\t\t<\/div>\n\t\t\t\t\t<\/div>\n\t\t<\/section>\n\t\t\t\t<section class=\"elementor-section elementor-top-section elementor-element elementor-element-61608ee elementor-section-boxed elementor-section-height-default elementor-section-height-default\" data-id=\"61608ee\" data-element_type=\"section\" data-e-type=\"section\">\n\t\t\t\t\t\t<div class=\"elementor-container elementor-column-gap-default\">\n\t\t\t\t\t<div class=\"elementor-column elementor-col-50 elementor-top-column elementor-element elementor-element-790f0d4\" data-id=\"790f0d4\" data-element_type=\"column\" data-e-type=\"column\">\n\t\t\t<div class=\"elementor-widget-wrap elementor-element-populated\">\n\t\t\t\t\t\t<div class=\"elementor-element elementor-element-b33229f elementor-widget elementor-widget-image\" data-id=\"b33229f\" data-element_type=\"widget\" data-e-type=\"widget\" data-widget_type=\"image.default\">\n\t\t\t\t<div class=\"elementor-widget-container\">\n\t\t\t\t\t\t\t\t\t\t\t\t\t\t\t\t<a href=\"https:\/\/karpatskanadacia.sk\/wp-content\/uploads\/2024\/03\/UPre_zeny_publikacia_2023.pdf\" target=\"_blank\" rel=\"noopener\">\n\t\t\t\t\t\t\t<img fetchpriority=\"high\" decoding=\"async\" width=\"721\" height=\"1024\" src=\"https:\/\/uprezeny.sk\/wp-content\/uploads\/2024\/03\/UPre_zeny_V2-1_page-0001-721x1024.jpg\" class=\"attachment-large size-large wp-image-1811\" alt=\"\" srcset=\"https:\/\/uprezeny.sk\/wp-content\/uploads\/2024\/03\/UPre_zeny_V2-1_page-0001-721x1024.jpg 721w, https:\/\/uprezeny.sk\/wp-content\/uploads\/2024\/03\/UPre_zeny_V2-1_page-0001-211x300.jpg 211w, https:\/\/uprezeny.sk\/wp-content\/uploads\/2024\/03\/UPre_zeny_V2-1_page-0001-768x1091.jpg 768w, https:\/\/uprezeny.sk\/wp-content\/uploads\/2024\/03\/UPre_zeny_V2-1_page-0001-1081x1536.jpg 1081w, https:\/\/uprezeny.sk\/wp-content\/uploads\/2024\/03\/UPre_zeny_V2-1_page-0001.jpg 1123w\" sizes=\"(max-width: 721px) 100vw, 721px\" \/>\t\t\t\t\t\t\t\t<\/a>\n\t\t\t\t\t\t\t\t\t\t\t\t\t\t\t<\/div>\n\t\t\t\t<\/div>\n\t\t\t\t\t<\/div>\n\t\t<\/div>\n\t\t\t\t<div class=\"elementor-column elementor-col-50 elementor-top-column elementor-element elementor-element-174fbd9\" data-id=\"174fbd9\" data-element_type=\"column\" data-e-type=\"column\">\n\t\t\t<div class=\"elementor-widget-wrap elementor-element-populated\">\n\t\t\t\t\t\t<div class=\"elementor-element elementor-element-b675fed elementor-widget elementor-widget-image\" data-id=\"b675fed\" data-element_type=\"widget\" data-e-type=\"widget\" data-widget_type=\"image.default\">\n\t\t\t\t<div class=\"elementor-widget-container\">\n\t\t\t\t\t\t\t\t\t\t\t\t\t\t\t\t<a href=\"https:\/\/karpatskanadacia.sk\/wp-content\/uploads\/2024\/03\/UPre_zeny_publikacia_2023.pdf\" target=\"_blank\" rel=\"noopener\">\n\t\t\t\t\t\t\t<img decoding=\"async\" width=\"721\" height=\"1024\" src=\"https:\/\/uprezeny.sk\/wp-content\/uploads\/2024\/03\/UPre_zeny_V2-3_page-0001-721x1024.jpg\" class=\"attachment-large size-large wp-image-1809\" alt=\"\" srcset=\"https:\/\/uprezeny.sk\/wp-content\/uploads\/2024\/03\/UPre_zeny_V2-3_page-0001-721x1024.jpg 721w, https:\/\/uprezeny.sk\/wp-content\/uploads\/2024\/03\/UPre_zeny_V2-3_page-0001-211x300.jpg 211w, https:\/\/uprezeny.sk\/wp-content\/uploads\/2024\/03\/UPre_zeny_V2-3_page-0001-768x1091.jpg 768w, https:\/\/uprezeny.sk\/wp-content\/uploads\/2024\/03\/UPre_zeny_V2-3_page-0001-1081x1536.jpg 1081w, https:\/\/uprezeny.sk\/wp-content\/uploads\/2024\/03\/UPre_zeny_V2-3_page-0001.jpg 1123w\" sizes=\"(max-width: 721px) 100vw, 721px\" \/>\t\t\t\t\t\t\t\t<\/a>\n\t\t\t\t\t\t\t\t\t\t\t\t\t\t\t<\/div>\n\t\t\t\t<\/div>\n\t\t\t\t\t<\/div>\n\t\t<\/div>\n\t\t\t\t\t<\/div>\n\t\t<\/section>\n\t\t\t\t<section class=\"elementor-section elementor-top-section elementor-element elementor-element-0ccdaf7 elementor-section-boxed elementor-section-height-default elementor-section-height-default\" data-id=\"0ccdaf7\" data-element_type=\"section\" data-e-type=\"section\">\n\t\t\t\t\t\t<div class=\"elementor-container elementor-column-gap-default\">\n\t\t\t\t\t<div class=\"elementor-column elementor-col-100 elementor-top-column elementor-element elementor-element-de0a26c\" data-id=\"de0a26c\" data-element_type=\"column\" data-e-type=\"column\">\n\t\t\t<div class=\"elementor-widget-wrap elementor-element-populated\">\n\t\t\t\t\t\t<div class=\"elementor-element elementor-element-82bbdff elementor-align-justify elementor-widget elementor-widget-button\" data-id=\"82bbdff\" data-element_type=\"widget\" data-e-type=\"widget\" data-widget_type=\"button.default\">\n\t\t\t\t<div class=\"elementor-widget-container\">\n\t\t\t\t\t\t\t\t\t<div class=\"elementor-button-wrapper\">\n\t\t\t\t\t<a class=\"elementor-button elementor-button-link elementor-size-lg\" href=\"https:\/\/karpatskanadacia.sk\/wp-content\/uploads\/2024\/03\/UPre_zeny_publikacia_2023.pdf\" target=\"_blank\" rel=\"noopener\">\n\t\t\t\t\t\t<span class=\"elementor-button-content-wrapper\">\n\t\t\t\t\t\t\t\t\t<span class=\"elementor-button-text\">You can download the publication HERE.<\/span>\n\t\t\t\t\t<\/span>\n\t\t\t\t\t<\/a>\n\t\t\t\t<\/div>\n\t\t\t\t\t\t\t\t<\/div>\n\t\t\t\t<\/div>\n\t\t\t\t\t<\/div>\n\t\t<\/div>\n\t\t\t\t\t<\/div>\n\t\t<\/section>\n\t\t\t\t<\/div>\n\t\t","protected":false},"excerpt":{"rendered":"<p>We have successfully completed the pilot part of the UPre Women programme and we have created a publication full of findings, experiences and recommendations that we have gained during our year-long work with women in Dob\u0161in\u00e1 and Ve\u013ek\u00fd Krt\u00ed\u0161. This practical publication captures our approaches to empowering Roma women (one of the most disadvantaged groups [&hellip;]<\/p>\n","protected":false},"author":4,"featured_media":0,"parent":0,"menu_order":0,"comment_status":"closed","ping_status":"closed","template":"","meta":{"_acf_changed":false,"footnotes":""},"class_list":["post-3699","page","type-page","status-publish","hentry"],"acf":[],"_links":{"self":[{"href":"https:\/\/uprezeny.sk\/en\/wp-json\/wp\/v2\/pages\/3699","targetHints":{"allow":["GET"]}}],"collection":[{"href":"https:\/\/uprezeny.sk\/en\/wp-json\/wp\/v2\/pages"}],"about":[{"href":"https:\/\/uprezeny.sk\/en\/wp-json\/wp\/v2\/types\/page"}],"author":[{"embeddable":true,"href":"https:\/\/uprezeny.sk\/en\/wp-json\/wp\/v2\/users\/4"}],"replies":[{"embeddable":true,"href":"https:\/\/uprezeny.sk\/en\/wp-json\/wp\/v2\/comments?post=3699"}],"version-history":[{"count":1,"href":"https:\/\/uprezeny.sk\/en\/wp-json\/wp\/v2\/pages\/3699\/revisions"}],"predecessor-version":[{"id":3700,"href":"https:\/\/uprezeny.sk\/en\/wp-json\/wp\/v2\/pages\/3699\/revisions\/3700"}],"wp:attachment":[{"href":"https:\/\/uprezeny.sk\/en\/wp-json\/wp\/v2\/media?parent=3699"}],"curies":[{"name":"wp","href":"https:\/\/api.w.org\/{rel}","templated":true}]}}