{"id":3697,"date":"2022-05-29T20:38:39","date_gmt":"2022-05-29T18:38:39","guid":{"rendered":"https:\/\/uprezeny.sk\/upre-study\/"},"modified":"2026-02-05T13:02:09","modified_gmt":"2026-02-05T12:02:09","slug":"upre-study","status":"publish","type":"page","link":"https:\/\/uprezeny.sk\/en\/upre-study\/","title":{"rendered":"UPre study"},"content":{"rendered":"\t\t<div data-elementor-type=\"wp-page\" data-elementor-id=\"3697\" class=\"elementor elementor-3697 elementor-951\" data-elementor-post-type=\"page\">\n\t\t\t\t\t\t<section class=\"elementor-section elementor-top-section elementor-element elementor-element-b18355d elementor-section-boxed elementor-section-height-default elementor-section-height-default\" data-id=\"b18355d\" data-element_type=\"section\" data-e-type=\"section\">\n\t\t\t\t\t\t<div class=\"elementor-container elementor-column-gap-default\">\n\t\t\t\t\t<div class=\"elementor-column elementor-col-100 elementor-top-column elementor-element elementor-element-3c68824\" data-id=\"3c68824\" data-element_type=\"column\" data-e-type=\"column\">\n\t\t\t<div class=\"elementor-widget-wrap elementor-element-populated\">\n\t\t\t\t\t\t<div class=\"elementor-element elementor-element-2812ab7 elementor-widget elementor-widget-text-editor\" data-id=\"2812ab7\" data-element_type=\"widget\" data-e-type=\"widget\" data-widget_type=\"text-editor.default\">\n\t\t\t\t<div class=\"elementor-widget-container\">\n\t\t\t\t\t\t\t\t\t<h5>The unique study UPre Women: the status and empowerment of women in selected marginalised Roma communities maps what, who and especially how helps Roma women to improve their status and living conditions. In doing so, the researchers also focused on empowerment, a tool used in community development around the world. Simply put, it&#8217;s about: teaching people to catch a fish, not giving it to them ready-made.<\/h5>\t\t\t\t\t\t\t\t<\/div>\n\t\t\t\t<\/div>\n\t\t\t\t\t<\/div>\n\t\t<\/div>\n\t\t\t\t\t<\/div>\n\t\t<\/section>\n\t\t\t\t<section class=\"elementor-section elementor-top-section elementor-element elementor-element-37fd332 elementor-section-boxed elementor-section-height-default elementor-section-height-default\" data-id=\"37fd332\" data-element_type=\"section\" data-e-type=\"section\">\n\t\t\t\t\t\t<div class=\"elementor-container elementor-column-gap-default\">\n\t\t\t\t\t<div class=\"elementor-column elementor-col-100 elementor-top-column elementor-element elementor-element-9067c50\" data-id=\"9067c50\" data-element_type=\"column\" data-e-type=\"column\">\n\t\t\t<div class=\"elementor-widget-wrap elementor-element-populated\">\n\t\t\t\t\t\t<div class=\"elementor-element elementor-element-1dec8e8 elementor-widget elementor-widget-text-editor\" data-id=\"1dec8e8\" data-element_type=\"widget\" data-e-type=\"widget\" data-widget_type=\"text-editor.default\">\n\t\t\t\t<div class=\"elementor-widget-container\">\n\t\t\t\t\t\t\t\t\t<p><a href=\"https:\/\/karpatskanadacia.sk\/\" target=\"_blank\" rel=\"noopener\">The Carpathian Foundation<\/a> started working on the research study in 2021 and approached Mgr. <strong>Gisela Brutovsk\u00e1<\/strong>, PhD.; doc. Mgr. <strong>Monika Bos\u00fa<\/strong>, PhD.; doc. Mgr. <strong>Adriana Jesenko<\/strong>, PhD.; doc. PhDr. <strong>Michal Va\u0161e\u010dka<\/strong>, PhD. These experts have created a <strong>unique documentary<\/strong> that describes the life situation of 68 Roma women (from Dob\u0161inje, Ve\u013ek\u00fd Krt\u00ed\u0161 and Lun\u00edk IX in Ko\u0161ice) and focuses on their <strong>status<\/strong> and <strong>empowerment<\/strong>, as well as what helps them to get into the labour market and what obstacles stand in their way of finding work. It rarely <strong>gives voice to Roma women from marginalised backgrounds<\/strong>. These women experience ethnic, gender and geographic marginalisation, but also the violence to which they are often subjected. It is the improvement of &#8220;empowerment&#8221; that can help them overcome such extreme obstacles, find jobs, improve the situation of their families and thus develop entire communities.  <\/p>\t\t\t\t\t\t\t\t<\/div>\n\t\t\t\t<\/div>\n\t\t\t\t\t<\/div>\n\t\t<\/div>\n\t\t\t\t\t<\/div>\n\t\t<\/section>\n\t\t\t\t<section class=\"elementor-section elementor-top-section elementor-element elementor-element-f4558f3 elementor-section-boxed elementor-section-height-default elementor-section-height-default\" data-id=\"f4558f3\" data-element_type=\"section\" data-e-type=\"section\">\n\t\t\t\t\t\t<div class=\"elementor-container elementor-column-gap-default\">\n\t\t\t\t\t<div class=\"elementor-column elementor-col-100 elementor-top-column elementor-element elementor-element-b6b1951\" data-id=\"b6b1951\" data-element_type=\"column\" data-e-type=\"column\">\n\t\t\t<div class=\"elementor-widget-wrap elementor-element-populated\">\n\t\t\t\t\t\t<div class=\"elementor-element elementor-element-55aff51 elementor-widget elementor-widget-heading\" data-id=\"55aff51\" data-element_type=\"widget\" data-e-type=\"widget\" data-widget_type=\"heading.default\">\n\t\t\t\t<div class=\"elementor-widget-container\">\n\t\t\t\t\t<h5 class=\"elementor-heading-title elementor-size-default\">What is empowerment?<\/h5>\t\t\t\t<\/div>\n\t\t\t\t<\/div>\n\t\t\t\t\t<\/div>\n\t\t<\/div>\n\t\t\t\t\t<\/div>\n\t\t<\/section>\n\t\t\t\t<section class=\"elementor-section elementor-top-section elementor-element elementor-element-6a5d6a2 elementor-section-boxed elementor-section-height-default elementor-section-height-default\" data-id=\"6a5d6a2\" data-element_type=\"section\" data-e-type=\"section\">\n\t\t\t\t\t\t<div class=\"elementor-container elementor-column-gap-default\">\n\t\t\t\t\t<div class=\"elementor-column elementor-col-100 elementor-top-column elementor-element elementor-element-be75e7b\" data-id=\"be75e7b\" data-element_type=\"column\" data-e-type=\"column\">\n\t\t\t<div class=\"elementor-widget-wrap elementor-element-populated\">\n\t\t\t\t\t\t<div class=\"elementor-element elementor-element-fb0b832 elementor-widget elementor-widget-text-editor\" data-id=\"fb0b832\" data-element_type=\"widget\" data-e-type=\"widget\" data-widget_type=\"text-editor.default\">\n\t\t\t\t<div class=\"elementor-widget-container\">\n\t\t\t\t\t\t\t\t\t<p>Empowerment is a tool used in community development around the world. With a certain amount of simplification, the idea is <strong>to teach people to catch a fish and not to give it to them ready-made, but at the same time it is also an effort to convince Roma women that they can, know and want to catch a fish.Through<\/strong>this process they can empower themselves, work on their development, overcome feelings of helplessness and despair, but also discover and &#8220;dig up&#8221; their hidden abilities somewhere.<\/p>\t\t\t\t\t\t\t\t<\/div>\n\t\t\t\t<\/div>\n\t\t\t\t\t<\/div>\n\t\t<\/div>\n\t\t\t\t\t<\/div>\n\t\t<\/section>\n\t\t\t\t<section class=\"elementor-section elementor-top-section elementor-element elementor-element-dd3791c elementor-section-boxed elementor-section-height-default elementor-section-height-default\" data-id=\"dd3791c\" data-element_type=\"section\" data-e-type=\"section\">\n\t\t\t\t\t\t<div class=\"elementor-container elementor-column-gap-default\">\n\t\t\t\t\t<div class=\"elementor-column elementor-col-100 elementor-top-column elementor-element elementor-element-e0334cd\" data-id=\"e0334cd\" data-element_type=\"column\" data-e-type=\"column\">\n\t\t\t<div class=\"elementor-widget-wrap elementor-element-populated\">\n\t\t\t\t\t\t<div class=\"elementor-element elementor-element-bc74b6b elementor-blockquote--skin-border elementor-widget elementor-widget-blockquote\" data-id=\"bc74b6b\" data-element_type=\"widget\" data-e-type=\"widget\" data-widget_type=\"blockquote.default\">\n\t\t\t\t<div class=\"elementor-widget-container\">\n\t\t\t\t\t\t\t<blockquote class=\"elementor-blockquote\">\n\t\t\t<p class=\"elementor-blockquote__content\">\n\t\t\t\t\"I started working as an ironer in a company where they made, I mean sewed tracksuits, sportswear. After a while I enjoyed the work, but I was more interested in the sewing when I saw how the women sewed. So I taught myself how to sew and they took me on as a seamstress. I have worked as a seamstress for about 15 years, among other jobs.\"  \t\t\t<\/p>\n\t\t\t\t\t\t\t<div class=\"e-q-footer\">\n\t\t\t\t\t\t\t\t\t\t\t<cite class=\"elementor-blockquote__author\">Jarka, \u00fa\u010dastn\u00ed\u010dka v\u00fdskumu<\/cite>\n\t\t\t\t\t\t\t\t\t\t\t\t\t\t<\/div>\n\t\t\t\t\t<\/blockquote>\n\t\t\t\t\t\t<\/div>\n\t\t\t\t<\/div>\n\t\t\t\t\t<\/div>\n\t\t<\/div>\n\t\t\t\t\t<\/div>\n\t\t<\/section>\n\t\t\t\t<section class=\"elementor-section elementor-top-section elementor-element elementor-element-d1e0967 elementor-section-boxed elementor-section-height-default elementor-section-height-default\" data-id=\"d1e0967\" data-element_type=\"section\" data-e-type=\"section\">\n\t\t\t\t\t\t<div class=\"elementor-container elementor-column-gap-default\">\n\t\t\t\t\t<div class=\"elementor-column elementor-col-100 elementor-top-column elementor-element elementor-element-8badd54\" data-id=\"8badd54\" data-element_type=\"column\" data-e-type=\"column\">\n\t\t\t<div class=\"elementor-widget-wrap elementor-element-populated\">\n\t\t\t\t\t\t<div class=\"elementor-element elementor-element-231d4b7 elementor-widget elementor-widget-text-editor\" data-id=\"231d4b7\" data-element_type=\"widget\" data-e-type=\"widget\" data-widget_type=\"text-editor.default\">\n\t\t\t\t<div class=\"elementor-widget-container\">\n\t\t\t\t\t\t\t\t\t<p>Roma women hold enormous potential for improving the status of the marginalised Roma community, yet they are given little attention when setting strategies and goals within internal policies. That is why the Carpathian Foundation is dedicated to improving their status and empowerment. It takes into account the specific needs of marginalised Roma women.<\/p>\t\t\t\t\t\t\t\t<\/div>\n\t\t\t\t<\/div>\n\t\t\t\t\t<\/div>\n\t\t<\/div>\n\t\t\t\t\t<\/div>\n\t\t<\/section>\n\t\t\t\t<section class=\"elementor-section elementor-top-section elementor-element elementor-element-9034c88 elementor-section-boxed elementor-section-height-default elementor-section-height-default\" data-id=\"9034c88\" data-element_type=\"section\" data-e-type=\"section\">\n\t\t\t\t\t\t<div class=\"elementor-container elementor-column-gap-default\">\n\t\t\t\t\t<div class=\"elementor-column elementor-col-100 elementor-top-column elementor-element elementor-element-1e5e4bd\" data-id=\"1e5e4bd\" data-element_type=\"column\" data-e-type=\"column\">\n\t\t\t<div class=\"elementor-widget-wrap elementor-element-populated\">\n\t\t\t\t\t\t<div class=\"elementor-element elementor-element-8856cdd elementor-widget elementor-widget-text-editor\" data-id=\"8856cdd\" data-element_type=\"widget\" data-e-type=\"widget\" data-widget_type=\"text-editor.default\">\n\t\t\t\t<div class=\"elementor-widget-container\">\n\t\t\t\t\t\t\t\t\t<p>The study consists of two parts:<\/p><ol><li><strong>quantitative research on the<\/strong> empowerment of women from two marginalised Roma communities (Dob\u0161in\u00e1, Ve\u013ek\u00fd Krt\u00ed\u0161) and<\/li><li><strong>qualitative research on<\/strong> the &#8220;paths&#8221; of Roma women from marginalised environments (Dob\u0161in\u00e1, Ve\u013ek\u00fd Krti\u0161, Lun\u00edk IX. in Ko\u0161ice) who have succeeded on the labour market.<\/li><\/ol>\t\t\t\t\t\t\t\t<\/div>\n\t\t\t\t<\/div>\n\t\t\t\t\t<\/div>\n\t\t<\/div>\n\t\t\t\t\t<\/div>\n\t\t<\/section>\n\t\t<div class=\"elementor-element elementor-element-47620fb e-flex e-con-boxed e-con e-parent\" data-id=\"47620fb\" data-element_type=\"container\" data-e-type=\"container\">\n\t\t\t\t\t<div class=\"e-con-inner\">\n\t\t<div class=\"elementor-element elementor-element-7f7191e e-con-full e-flex e-con e-child\" data-id=\"7f7191e\" data-element_type=\"container\" data-e-type=\"container\">\n\t\t\t\t<div class=\"elementor-element elementor-element-ae537f2 elementor-view-default elementor-position-block-start elementor-mobile-position-block-start elementor-widget elementor-widget-icon-box\" data-id=\"ae537f2\" data-element_type=\"widget\" data-e-type=\"widget\" data-widget_type=\"icon-box.default\">\n\t\t\t\t<div class=\"elementor-widget-container\">\n\t\t\t\t\t\t\t<div class=\"elementor-icon-box-wrapper\">\n\n\t\t\t\t\t\t<div class=\"elementor-icon-box-icon\">\n\t\t\t\t<span  class=\"elementor-icon\">\n\t\t\t\t<i aria-hidden=\"true\" class=\"far fa-thumbs-up\"><\/i>\t\t\t\t<\/span>\n\t\t\t<\/div>\n\t\t\t\n\t\t\t\t\t\t<div class=\"elementor-icon-box-content\">\n\n\t\t\t\t\t\t\t\t\t<h3 class=\"elementor-icon-box-title\">\n\t\t\t\t\t\t<span  >\n\t\t\t\t\t\t\tQuantitative study\t\t\t\t\t\t<\/span>\n\t\t\t\t\t<\/h3>\n\t\t\t\t\n\t\t\t\t\t\t\t\t\t<p class=\"elementor-icon-box-description\">\n\t\t\t\t\t\tpresents unique findings on the lives and levels of empowerment of Roma women in Dob\u0161in\u00e1 and Ve\u013ek\u00fd Krt\u00ed\u0161. As part of the study, the Carpathian Foundation developed indicators to measure the status and empowerment of women from marginalized backgrounds. The indicators can also be used in other contexts.\n\n\n\t\t\t\t\t<\/p>\n\t\t\t\t\n\t\t\t<\/div>\n\t\t\t\n\t\t<\/div>\n\t\t\t\t\t\t<\/div>\n\t\t\t\t<\/div>\n\t\t\t\t<\/div>\n\t\t<div class=\"elementor-element elementor-element-10fb095 e-con-full e-flex e-con e-child\" data-id=\"10fb095\" data-element_type=\"container\" data-e-type=\"container\">\n\t\t\t\t<div class=\"elementor-element elementor-element-ed0be1d elementor-view-default elementor-position-block-start elementor-mobile-position-block-start elementor-widget elementor-widget-icon-box\" data-id=\"ed0be1d\" data-element_type=\"widget\" data-e-type=\"widget\" data-widget_type=\"icon-box.default\">\n\t\t\t\t<div class=\"elementor-widget-container\">\n\t\t\t\t\t\t\t<div class=\"elementor-icon-box-wrapper\">\n\n\t\t\t\t\t\t<div class=\"elementor-icon-box-icon\">\n\t\t\t\t<span  class=\"elementor-icon\">\n\t\t\t\t<i aria-hidden=\"true\" class=\"far fa-comment-dots\"><\/i>\t\t\t\t<\/span>\n\t\t\t<\/div>\n\t\t\t\n\t\t\t\t\t\t<div class=\"elementor-icon-box-content\">\n\n\t\t\t\t\t\t\t\t\t<h3 class=\"elementor-icon-box-title\">\n\t\t\t\t\t\t<span  >\n\t\t\t\t\t\t\tQualitative study\t\t\t\t\t\t<\/span>\n\t\t\t\t\t<\/h3>\n\t\t\t\t\n\t\t\t\t\t\t\t\t\t<p class=\"elementor-icon-box-description\">\n\t\t\t\t\t\tIt contains important insights into what helps resource-poor women to enter the labour market and what barriers stand in the way. It highlights the positive impact of work on their lives and the lives of their families. In their own words, it expresses how social exclusion on the basis of gender, ethnicity and geography is reflected in their lives, in the lives of their families.\t\t\t\t\t<\/p>\n\t\t\t\t\n\t\t\t<\/div>\n\t\t\t\n\t\t<\/div>\n\t\t\t\t\t\t<\/div>\n\t\t\t\t<\/div>\n\t\t\t\t<\/div>\n\t\t\t\t\t<\/div>\n\t\t\t\t<\/div>\n\t\t\t\t<section class=\"elementor-section elementor-top-section elementor-element elementor-element-4c3e856 elementor-section-boxed elementor-section-height-default elementor-section-height-default\" data-id=\"4c3e856\" data-element_type=\"section\" data-e-type=\"section\">\n\t\t\t\t\t\t<div class=\"elementor-container elementor-column-gap-default\">\n\t\t\t\t\t<div class=\"elementor-column elementor-col-100 elementor-top-column elementor-element elementor-element-5e724d9\" data-id=\"5e724d9\" data-element_type=\"column\" data-e-type=\"column\">\n\t\t\t<div class=\"elementor-widget-wrap elementor-element-populated\">\n\t\t\t\t\t\t<div class=\"elementor-element elementor-element-9c9c03f elementor-widget elementor-widget-text-editor\" data-id=\"9c9c03f\" data-element_type=\"widget\" data-e-type=\"widget\" data-widget_type=\"text-editor.default\">\n\t\t\t\t<div class=\"elementor-widget-container\">\n\t\t\t\t\t\t\t\t\t<p><strong>The study is an excellent tool for setting further activities and public policies aimed at the development of marginalised Roma communities. On the basis of this, the Carpathian Foundation has set up a programme UPfor women: the Programme for the Development and Increasing Employability of Women from Marginalised Roma Communities.<\/strong><\/p>\t\t\t\t\t\t\t\t<\/div>\n\t\t\t\t<\/div>\n\t\t\t\t\t<\/div>\n\t\t<\/div>\n\t\t\t\t\t<\/div>\n\t\t<\/section>\n\t\t\t\t<section class=\"elementor-section elementor-top-section elementor-element elementor-element-38814ec elementor-section-boxed elementor-section-height-default elementor-section-height-default\" data-id=\"38814ec\" data-element_type=\"section\" data-e-type=\"section\">\n\t\t\t\t\t\t<div class=\"elementor-container elementor-column-gap-default\">\n\t\t\t\t\t<div class=\"elementor-column elementor-col-100 elementor-top-column elementor-element elementor-element-bb98350\" data-id=\"bb98350\" data-element_type=\"column\" data-e-type=\"column\">\n\t\t\t<div class=\"elementor-widget-wrap elementor-element-populated\">\n\t\t\t\t\t\t<div class=\"elementor-element elementor-element-8677751 elementor-align-justify elementor-widget elementor-widget-button\" data-id=\"8677751\" data-element_type=\"widget\" data-e-type=\"widget\" data-widget_type=\"button.default\">\n\t\t\t\t<div class=\"elementor-widget-container\">\n\t\t\t\t\t\t\t\t\t<div class=\"elementor-button-wrapper\">\n\t\t\t\t\t<a class=\"elementor-button elementor-button-link elementor-size-xl\" href=\"https:\/\/uprezeny.sk\/wp-content\/uploads\/2022\/05\/KN-UPre-zeny-dokument-ISBN-978-80-970529-6-6-pages.pdf\">\n\t\t\t\t\t\t<span class=\"elementor-button-content-wrapper\">\n\t\t\t\t\t\t\t\t\t<span class=\"elementor-button-text\">UPre women research study<\/span>\n\t\t\t\t\t<\/span>\n\t\t\t\t\t<\/a>\n\t\t\t\t<\/div>\n\t\t\t\t\t\t\t\t<\/div>\n\t\t\t\t<\/div>\n\t\t\t\t\t<\/div>\n\t\t<\/div>\n\t\t\t\t\t<\/div>\n\t\t<\/section>\n\t\t\t\t<section class=\"elementor-section elementor-top-section elementor-element elementor-element-c76f7f8 elementor-section-boxed elementor-section-height-default elementor-section-height-default\" data-id=\"c76f7f8\" data-element_type=\"section\" data-e-type=\"section\">\n\t\t\t\t\t\t<div class=\"elementor-container elementor-column-gap-default\">\n\t\t\t\t\t<div class=\"elementor-column elementor-col-100 elementor-top-column elementor-element elementor-element-6d11a8d\" data-id=\"6d11a8d\" data-element_type=\"column\" data-e-type=\"column\">\n\t\t\t<div class=\"elementor-widget-wrap elementor-element-populated\">\n\t\t\t\t\t\t<div class=\"elementor-element elementor-element-2c312ac elementor-widget elementor-widget-text-editor\" data-id=\"2c312ac\" data-element_type=\"widget\" data-e-type=\"widget\" data-widget_type=\"text-editor.default\">\n\t\t\t\t<div class=\"elementor-widget-container\">\n\t\t\t\t\t\t\t\t\t<p><em>The study was carried out by the Carpathian Foundation thanks to the financial support of the Embassy of the Kingdom of the Netherlands, Bratislava and the British Embassy in Bratislava. <\/em><\/p>\t\t\t\t\t\t\t\t<\/div>\n\t\t\t\t<\/div>\n\t\t\t\t\t<\/div>\n\t\t<\/div>\n\t\t\t\t\t<\/div>\n\t\t<\/section>\n\t\t\t\t<section class=\"elementor-section elementor-top-section elementor-element elementor-element-08c7820 elementor-section-boxed elementor-section-height-default elementor-section-height-default\" data-id=\"08c7820\" data-element_type=\"section\" data-e-type=\"section\">\n\t\t\t\t\t\t<div class=\"elementor-container elementor-column-gap-default\">\n\t\t\t\t\t<div class=\"elementor-column elementor-col-50 elementor-top-column elementor-element elementor-element-25b82c0\" data-id=\"25b82c0\" data-element_type=\"column\" data-e-type=\"column\">\n\t\t\t<div class=\"elementor-widget-wrap elementor-element-populated\">\n\t\t\t\t\t\t<div class=\"elementor-element elementor-element-0549a6d elementor-widget elementor-widget-image\" data-id=\"0549a6d\" data-element_type=\"widget\" data-e-type=\"widget\" data-widget_type=\"image.default\">\n\t\t\t\t<div class=\"elementor-widget-container\">\n\t\t\t\t\t\t\t\t\t\t\t\t\t\t\t<img fetchpriority=\"high\" decoding=\"async\" width=\"300\" height=\"246\" src=\"https:\/\/uprezeny.sk\/wp-content\/uploads\/2022\/05\/FCO_BE_SK_BTS_PS_RGB-300x246.jpg\" class=\"attachment-medium size-medium wp-image-1032\" alt=\"\" srcset=\"https:\/\/uprezeny.sk\/wp-content\/uploads\/2022\/05\/FCO_BE_SK_BTS_PS_RGB-300x246.jpg 300w, https:\/\/uprezeny.sk\/wp-content\/uploads\/2022\/05\/FCO_BE_SK_BTS_PS_RGB-1024x840.jpg 1024w, https:\/\/uprezeny.sk\/wp-content\/uploads\/2022\/05\/FCO_BE_SK_BTS_PS_RGB-768x630.jpg 768w, https:\/\/uprezeny.sk\/wp-content\/uploads\/2022\/05\/FCO_BE_SK_BTS_PS_RGB-1536x1260.jpg 1536w, https:\/\/uprezeny.sk\/wp-content\/uploads\/2022\/05\/FCO_BE_SK_BTS_PS_RGB-scaled.jpg 2048w\" sizes=\"(max-width: 300px) 100vw, 300px\" \/>\t\t\t\t\t\t\t\t\t\t\t\t\t\t\t<\/div>\n\t\t\t\t<\/div>\n\t\t\t\t\t<\/div>\n\t\t<\/div>\n\t\t\t\t<div class=\"elementor-column elementor-col-50 elementor-top-column elementor-element elementor-element-b5b8cb3\" data-id=\"b5b8cb3\" data-element_type=\"column\" data-e-type=\"column\">\n\t\t\t<div class=\"elementor-widget-wrap elementor-element-populated\">\n\t\t\t\t\t\t<div class=\"elementor-element elementor-element-d98e837 elementor-widget elementor-widget-image\" data-id=\"d98e837\" data-element_type=\"widget\" data-e-type=\"widget\" data-widget_type=\"image.default\">\n\t\t\t\t<div class=\"elementor-widget-container\">\n\t\t\t\t\t\t\t\t\t\t\t\t\t\t\t<img decoding=\"async\" width=\"768\" height=\"341\" src=\"https:\/\/uprezeny.sk\/wp-content\/uploads\/2022\/05\/KN_Logo_online_ex_pos_en-768x341.png\" class=\"attachment-medium_large size-medium_large wp-image-1034\" alt=\"\" srcset=\"https:\/\/uprezeny.sk\/wp-content\/uploads\/2022\/05\/KN_Logo_online_ex_pos_en-768x341.png 768w, https:\/\/uprezeny.sk\/wp-content\/uploads\/2022\/05\/KN_Logo_online_ex_pos_en-300x133.png 300w, https:\/\/uprezeny.sk\/wp-content\/uploads\/2022\/05\/KN_Logo_online_ex_pos_en-1024x455.png 1024w, https:\/\/uprezeny.sk\/wp-content\/uploads\/2022\/05\/KN_Logo_online_ex_pos_en-1536x683.png 1536w, https:\/\/uprezeny.sk\/wp-content\/uploads\/2022\/05\/KN_Logo_online_ex_pos_en-2048x910.png 2048w\" sizes=\"(max-width: 768px) 100vw, 768px\" \/>\t\t\t\t\t\t\t\t\t\t\t\t\t\t\t<\/div>\n\t\t\t\t<\/div>\n\t\t\t\t\t<\/div>\n\t\t<\/div>\n\t\t\t\t\t<\/div>\n\t\t<\/section>\n\t\t\t\t<section class=\"elementor-section elementor-top-section elementor-element elementor-element-8b2355d elementor-section-boxed elementor-section-height-default elementor-section-height-default\" data-id=\"8b2355d\" data-element_type=\"section\" data-e-type=\"section\">\n\t\t\t\t\t\t<div class=\"elementor-container elementor-column-gap-default\">\n\t\t\t\t\t<div class=\"elementor-column elementor-col-100 elementor-top-column elementor-element elementor-element-eb370b9\" data-id=\"eb370b9\" data-element_type=\"column\" data-e-type=\"column\">\n\t\t\t<div class=\"elementor-widget-wrap elementor-element-populated\">\n\t\t\t\t\t\t<div class=\"elementor-element elementor-element-cbdd80f elementor-widget-divider--view-line elementor-widget elementor-widget-divider\" data-id=\"cbdd80f\" data-element_type=\"widget\" data-e-type=\"widget\" data-widget_type=\"divider.default\">\n\t\t\t\t<div class=\"elementor-widget-container\">\n\t\t\t\t\t\t\t<div class=\"elementor-divider\">\n\t\t\t<span class=\"elementor-divider-separator\">\n\t\t\t\t\t\t<\/span>\n\t\t<\/div>\n\t\t\t\t\t\t<\/div>\n\t\t\t\t<\/div>\n\t\t\t\t\t<\/div>\n\t\t<\/div>\n\t\t\t\t\t<\/div>\n\t\t<\/section>\n\t\t\t\t<\/div>\n\t\t","protected":false},"excerpt":{"rendered":"<p>The unique study UPre Women: the status and empowerment of women in selected marginalised Roma communities maps what, who and especially how helps Roma women to improve their status and living conditions. In doing so, the researchers also focused on empowerment, a tool used in community development around the world. Simply put, it&#8217;s about: teaching [&hellip;]<\/p>\n","protected":false},"author":4,"featured_media":0,"parent":0,"menu_order":0,"comment_status":"closed","ping_status":"closed","template":"","meta":{"_acf_changed":false,"footnotes":""},"class_list":["post-3697","page","type-page","status-publish","hentry"],"acf":[],"_links":{"self":[{"href":"https:\/\/uprezeny.sk\/en\/wp-json\/wp\/v2\/pages\/3697","targetHints":{"allow":["GET"]}}],"collection":[{"href":"https:\/\/uprezeny.sk\/en\/wp-json\/wp\/v2\/pages"}],"about":[{"href":"https:\/\/uprezeny.sk\/en\/wp-json\/wp\/v2\/types\/page"}],"author":[{"embeddable":true,"href":"https:\/\/uprezeny.sk\/en\/wp-json\/wp\/v2\/users\/4"}],"replies":[{"embeddable":true,"href":"https:\/\/uprezeny.sk\/en\/wp-json\/wp\/v2\/comments?post=3697"}],"version-history":[{"count":1,"href":"https:\/\/uprezeny.sk\/en\/wp-json\/wp\/v2\/pages\/3697\/revisions"}],"predecessor-version":[{"id":3698,"href":"https:\/\/uprezeny.sk\/en\/wp-json\/wp\/v2\/pages\/3697\/revisions\/3698"}],"wp:attachment":[{"href":"https:\/\/uprezeny.sk\/en\/wp-json\/wp\/v2\/media?parent=3697"}],"curies":[{"name":"wp","href":"https:\/\/api.w.org\/{rel}","templated":true}]}}