{"id":2571,"date":"2024-08-02T06:58:33","date_gmt":"2024-08-02T04:58:33","guid":{"rendered":"https:\/\/uprezeny.sk\/about-upre-women\/"},"modified":"2026-02-23T15:18:53","modified_gmt":"2026-02-23T14:18:53","slug":"about-upre-women","status":"publish","type":"page","link":"https:\/\/uprezeny.sk\/en\/about-upre-women\/","title":{"rendered":"About programe"},"content":{"rendered":"\t\t<div data-elementor-type=\"wp-page\" data-elementor-id=\"2571\" class=\"elementor elementor-2571 elementor-2223\" data-elementor-post-type=\"page\">\n\t\t\t\t<div class=\"elementor-element elementor-element-58cbac e-flex e-con-boxed e-con e-parent\" data-id=\"58cbac\" data-element_type=\"container\" data-e-type=\"container\">\n\t\t\t\t\t<div class=\"e-con-inner\">\n\t\t\t\t<div class=\"elementor-element elementor-element-10e56b9a elementor-widget elementor-widget-text-editor\" data-id=\"10e56b9a\" data-element_type=\"widget\" data-e-type=\"widget\" data-widget_type=\"text-editor.default\">\n\t\t\t\t<div class=\"elementor-widget-container\">\n\t\t\t\t\t\t\t\t\t<p>The education and development programme UPre Women, implemented by <a href=\"https:\/\/karpatskanadacia.sk\/\" target=\"_blank\" rel=\"noopener\">the Carpathian Foundation<\/a> and its partners, seeks:<\/p>\t\t\t\t\t\t\t\t<\/div>\n\t\t\t\t<\/div>\n\t\t\t\t\t<\/div>\n\t\t\t\t<\/div>\n\t\t<div class=\"elementor-element elementor-element-7f374855 e-flex e-con-boxed e-con e-parent\" data-id=\"7f374855\" data-element_type=\"container\" data-e-type=\"container\">\n\t\t\t\t\t<div class=\"e-con-inner\">\n\t\t\t\t<div class=\"elementor-element elementor-element-1eea90aa elementor-position-inline-start elementor-view-default elementor-mobile-position-block-start elementor-widget elementor-widget-icon-box\" data-id=\"1eea90aa\" data-element_type=\"widget\" data-e-type=\"widget\" data-widget_type=\"icon-box.default\">\n\t\t\t\t<div class=\"elementor-widget-container\">\n\t\t\t\t\t\t\t<div class=\"elementor-icon-box-wrapper\">\n\n\t\t\t\t\t\t<div class=\"elementor-icon-box-icon\">\n\t\t\t\t<span  class=\"elementor-icon\">\n\t\t\t\t<i aria-hidden=\"true\" class=\"fas fa-info\"><\/i>\t\t\t\t<\/span>\n\t\t\t<\/div>\n\t\t\t\n\t\t\t\t\t\t<div class=\"elementor-icon-box-content\">\n\n\t\t\t\t\n\t\t\t\t\t\t\t\t\t<p class=\"elementor-icon-box-description\">\n\t\t\t\t\t\t<b>To help Roma women build their self-confidence and acquire the necessary information and skills to make independent decisions.<\/b> \t\t\t\t\t<\/p>\n\t\t\t\t\n\t\t\t<\/div>\n\t\t\t\n\t\t<\/div>\n\t\t\t\t\t\t<\/div>\n\t\t\t\t<\/div>\n\t\t\t\t\t<\/div>\n\t\t\t\t<\/div>\n\t\t<div class=\"elementor-element elementor-element-6fb19db3 e-flex e-con-boxed e-con e-parent\" data-id=\"6fb19db3\" data-element_type=\"container\" data-e-type=\"container\">\n\t\t\t\t\t<div class=\"e-con-inner\">\n\t\t\t\t<div class=\"elementor-element elementor-element-451c6386 elementor-position-inline-start elementor-view-default elementor-mobile-position-block-start elementor-widget elementor-widget-icon-box\" data-id=\"451c6386\" data-element_type=\"widget\" data-e-type=\"widget\" data-widget_type=\"icon-box.default\">\n\t\t\t\t<div class=\"elementor-widget-container\">\n\t\t\t\t\t\t\t<div class=\"elementor-icon-box-wrapper\">\n\n\t\t\t\t\t\t<div class=\"elementor-icon-box-icon\">\n\t\t\t\t<span  class=\"elementor-icon\">\n\t\t\t\t<i aria-hidden=\"true\" class=\"fas fa-euro-sign\"><\/i>\t\t\t\t<\/span>\n\t\t\t<\/div>\n\t\t\t\n\t\t\t\t\t\t<div class=\"elementor-icon-box-content\">\n\n\t\t\t\t\n\t\t\t\t\t\t\t\t\t<p class=\"elementor-icon-box-description\">\n\t\t\t\t\t\t<b>To be able to gain financial independence and stability and secure their livelihoods. <\/b>\t\t\t\t\t<\/p>\n\t\t\t\t\n\t\t\t<\/div>\n\t\t\t\n\t\t<\/div>\n\t\t\t\t\t\t<\/div>\n\t\t\t\t<\/div>\n\t\t\t\t\t<\/div>\n\t\t\t\t<\/div>\n\t\t<div class=\"elementor-element elementor-element-7a2a317 e-flex e-con-boxed e-con e-parent\" data-id=\"7a2a317\" data-element_type=\"container\" data-e-type=\"container\">\n\t\t\t\t\t<div class=\"e-con-inner\">\n\t\t\t\t<div class=\"elementor-element elementor-element-2dd7c863 elementor-position-inline-start elementor-view-default elementor-mobile-position-block-start elementor-widget elementor-widget-icon-box\" data-id=\"2dd7c863\" data-element_type=\"widget\" data-e-type=\"widget\" data-widget_type=\"icon-box.default\">\n\t\t\t\t<div class=\"elementor-widget-container\">\n\t\t\t\t\t\t\t<div class=\"elementor-icon-box-wrapper\">\n\n\t\t\t\t\t\t<div class=\"elementor-icon-box-icon\">\n\t\t\t\t<span  class=\"elementor-icon\">\n\t\t\t\t<i aria-hidden=\"true\" class=\"fas fa-people-arrows\"><\/i>\t\t\t\t<\/span>\n\t\t\t<\/div>\n\t\t\t\n\t\t\t\t\t\t<div class=\"elementor-icon-box-content\">\n\n\t\t\t\t\n\t\t\t\t\t\t\t\t\t<p class=\"elementor-icon-box-description\">\n\t\t\t\t\t\t<b>To become agents of change in their<\/b> <b>communities and to positively influence or lead other Roma women.<\/b> \t\t\t\t\t<\/p>\n\t\t\t\t\n\t\t\t<\/div>\n\t\t\t\n\t\t<\/div>\n\t\t\t\t\t\t<\/div>\n\t\t\t\t<\/div>\n\t\t\t\t\t<\/div>\n\t\t\t\t<\/div>\n\t\t<div class=\"elementor-element elementor-element-4ece10ea e-flex e-con-boxed e-con e-parent\" data-id=\"4ece10ea\" data-element_type=\"container\" data-e-type=\"container\">\n\t\t\t\t\t<div class=\"e-con-inner\">\n\t\t\t\t<div class=\"elementor-element elementor-element-304746fd elementor-position-inline-start elementor-view-default elementor-mobile-position-block-start elementor-widget elementor-widget-icon-box\" data-id=\"304746fd\" data-element_type=\"widget\" data-e-type=\"widget\" data-widget_type=\"icon-box.default\">\n\t\t\t\t<div class=\"elementor-widget-container\">\n\t\t\t\t\t\t\t<div class=\"elementor-icon-box-wrapper\">\n\n\t\t\t\t\t\t<div class=\"elementor-icon-box-icon\">\n\t\t\t\t<span  class=\"elementor-icon\">\n\t\t\t\t<i aria-hidden=\"true\" class=\"far fa-comment-dots\"><\/i>\t\t\t\t<\/span>\n\t\t\t<\/div>\n\t\t\t\n\t\t\t\t\t\t<div class=\"elementor-icon-box-content\">\n\n\t\t\t\t\n\t\t\t\t\t\t\t\t\t<p class=\"elementor-icon-box-description\">\n\t\t\t\t\t\t<b>To break down prevailing harmful stereotypes about Roma women, especially on the part of employers, and to alleviate the combined discrimination that Roma women face to a greater extent than non-Roma women, but also than Roma men. <\/b>\t\t\t\t\t<\/p>\n\t\t\t\t\n\t\t\t<\/div>\n\t\t\t\n\t\t<\/div>\n\t\t\t\t\t\t<\/div>\n\t\t\t\t<\/div>\n\t\t\t\t\t<\/div>\n\t\t\t\t<\/div>\n\t\t<div class=\"elementor-element elementor-element-76ca899c e-flex e-con-boxed e-con e-parent\" data-id=\"76ca899c\" data-element_type=\"container\" data-e-type=\"container\">\n\t\t\t\t\t<div class=\"e-con-inner\">\n\t\t\t\t<div class=\"elementor-element elementor-element-396e375a elementor-widget elementor-widget-text-editor\" data-id=\"396e375a\" data-element_type=\"widget\" data-e-type=\"widget\" data-widget_type=\"text-editor.default\">\n\t\t\t\t<div class=\"elementor-widget-container\">\n\t\t\t\t\t\t\t\t\t<p>Within the framework of the programme, Roma women are educated <strong>in<\/strong> <strong>the field of work<\/strong> (writing a CV, preparing for an interview, visiting potential employers&#8230;),<strong> financial literacy<\/strong> (setting up a financial diary, tracking income and planning expenditures, etc.), as well as in the field of <strong>personal development<\/strong> (gender equality, gender-based violence, strengthening communication skills, development of digital skills, <a href=\"https:\/\/uprezeny.sk\/en\/the-self-defense-course-teaches-women-how-to-avoid-conflict-work-with-stress-and-find-their-inner-strength\/\">self-defence course<\/a>, etc.).<\/p>\t\t\t\t\t\t\t\t<\/div>\n\t\t\t\t<\/div>\n\t\t\t\t\t<\/div>\n\t\t\t\t<\/div>\n\t\t<div class=\"elementor-element elementor-element-21996f5e e-flex e-con-boxed e-con e-parent\" data-id=\"21996f5e\" data-element_type=\"container\" data-e-type=\"container\">\n\t\t\t\t\t<div class=\"e-con-inner\">\n\t\t\t\t<div class=\"elementor-element elementor-element-1cf703f0 elementor-widget elementor-widget-text-editor\" data-id=\"1cf703f0\" data-element_type=\"widget\" data-e-type=\"widget\" data-widget_type=\"text-editor.default\">\n\t\t\t\t<div class=\"elementor-widget-container\">\n\t\t\t\t\t\t\t\t\t<p>The entire process is carried out by experts and expert organizations in the communities (read more about trainers and training <strong>HERE<\/strong>). The Carpathian Foundation also cooperates with employers in the regions to create job opportunities for participants. As part of the programme for employers, it has also produced a <a href=\"https:\/\/uprezeny.sk\/kto-skoli-nase-upre-zeny\/\">document<\/a> summarising the barriers and recommendations for employing women from the MRC.  <\/p>\t\t\t\t\t\t\t\t<\/div>\n\t\t\t\t<\/div>\n\t\t\t\t\t<\/div>\n\t\t\t\t<\/div>\n\t\t<div class=\"elementor-element elementor-element-42ab6a29 e-flex e-con-boxed e-con e-parent\" data-id=\"42ab6a29\" data-element_type=\"container\" data-e-type=\"container\">\n\t\t\t\t\t<div class=\"e-con-inner\">\n\t\t\t\t<div class=\"elementor-element elementor-element-78e0e9c6 elementor-widget elementor-widget-text-editor\" data-id=\"78e0e9c6\" data-element_type=\"widget\" data-e-type=\"widget\" data-widget_type=\"text-editor.default\">\n\t\t\t\t<div class=\"elementor-widget-container\">\n\t\t\t\t\t\t\t\t\t<p>The programme is currently running at Lunik IX in Ko\u0161ice thanks to the support of the <strong>Karl Kahane Foundation<\/strong> and the <strong>Starbucks Foundation<\/strong> (read more <a href=\"https:\/\/uprezeny.sk\/na-luniku-ix-pokracujeme\/\">HERE<\/a>).<\/p><p>And thanks to the support from the <strong>European Union within the Slovakia Programme<\/strong> in the amount of 293 423,20 EUR, the programme is expanding to other localities in the East and will support 100 Roma women (more <a href=\"https:\/\/uprezeny.sk\/program-upre-zeny-mieri-do-novych-lokalit-vdaka-podpore-od-eu\/\">HERE)<\/a>.<\/p>\t\t\t\t\t\t\t\t<\/div>\n\t\t\t\t<\/div>\n\t\t\t\t<div class=\"elementor-element elementor-element-25e93401 elementor-widget elementor-widget-text-editor\" data-id=\"25e93401\" data-element_type=\"widget\" data-e-type=\"widget\" data-widget_type=\"text-editor.default\">\n\t\t\t\t<div class=\"elementor-widget-container\">\n\t\t\t\t\t\t\t\t\t<p><strong>The pilot part of<\/strong> the programme was implemented from January 2022 to August 2023 in marginalised Roma communities in Ve\u013ek\u00fd Krt\u00ed\u0161 and Dob\u0161in\u00e1 in cooperation with the<a href=\"https:\/\/www.agenturapracebbsk.sk\/\" target=\"_blank\" rel=\"noopener\">Labour Agency of the Bansk\u00e1 Bystrica Self-Governing Region<\/a>, the civic association <a href=\"https:\/\/dede.sk\/\" target=\"_blank\" rel=\"noopener\">Detstvo d\u011btom<\/a>and the<a href=\"https:\/\/kcmvk-sk6.webnode.sk\/\" target=\"_blank\" rel=\"noopener\">Community Centre for Minorities Ve\u013ek\u00fd Krt\u00ed\u0161,<\/a>and from November 2023 at Lun\u00edk IX in Ko\u0161ice in cooperation with<a href=\"https:\/\/etp.sk\/\" target=\"_blank\" rel=\"noopener\">ETP Slovakia<\/a>.<\/p>\t\t\t\t\t\t\t\t<\/div>\n\t\t\t\t<\/div>\n\t\t\t\t\t<\/div>\n\t\t\t\t<\/div>\n\t\t<div class=\"elementor-element elementor-element-56396d40 e-flex e-con-boxed e-con e-parent\" data-id=\"56396d40\" data-element_type=\"container\" data-e-type=\"container\">\n\t\t\t\t\t<div class=\"e-con-inner\">\n\t\t\t\t<div class=\"elementor-element elementor-element-4050c761 elementor-widget elementor-widget-text-editor\" data-id=\"4050c761\" data-element_type=\"widget\" data-e-type=\"widget\" data-widget_type=\"text-editor.default\">\n\t\t\t\t<div class=\"elementor-widget-container\">\n\t\t\t\t\t\t\t\t\t<ul><li><em>You can find the cooperation agreement with ETP Slovakia <a href=\"https:\/\/uprezeny.sk\/wp-content\/uploads\/2024\/09\/Zmluva-o-spolupraci-s-ETP-Slovensko.pdf\">HERE.<\/a><\/em><\/li><li><em>Dodatok 1 k Zmluve o spolupr\u00e1ci s ETP Slovensko n\u00e1jdete <a href=\"https:\/\/uprezeny.sk\/wp-content\/uploads\/2024\/09\/Dodatok-c.-1-k-Zmluve-o-spolupraci-s-ETP-Slovensko.pdf\">TU<\/a>.<\/em><\/li><li><em>Appendix 2 to the Cooperation Agreement with ETP Slovakia can be found <a href=\"https:\/\/uprezeny.sk\/wp-content\/uploads\/2024\/09\/Dodatok-c.-2-k-Zmluve-a-spolupraci-s-ETP-Slovensko.pdf\">HERE<\/a>. <\/em><\/li><\/ul>\t\t\t\t\t\t\t\t<\/div>\n\t\t\t\t<\/div>\n\t\t\t\t\t<\/div>\n\t\t\t\t<\/div>\n\t\t<div class=\"elementor-element elementor-element-40ee7e4e e-flex e-con-boxed e-con e-parent\" data-id=\"40ee7e4e\" data-element_type=\"container\" data-e-type=\"container\">\n\t\t\t\t\t<div class=\"e-con-inner\">\n\t\t\t\t<div class=\"elementor-element elementor-element-6a999559 elementor-widget elementor-widget-text-editor\" data-id=\"6a999559\" data-element_type=\"widget\" data-e-type=\"widget\" data-widget_type=\"text-editor.default\">\n\t\t\t\t<div class=\"elementor-widget-container\">\n\t\t\t\t\t\t\t\t\t<p>You can read more about the individual activities of the programme in the <a href=\"https:\/\/uprezeny.sk\/novinky\/\"><strong>NEWS<\/strong><\/a> section.<\/p>\t\t\t\t\t\t\t\t<\/div>\n\t\t\t\t<\/div>\n\t\t\t\t\t<\/div>\n\t\t\t\t<\/div>\n\t\t<div class=\"elementor-element elementor-element-244dba64 e-flex e-con-boxed e-con e-parent\" data-id=\"244dba64\" data-element_type=\"container\" data-e-type=\"container\">\n\t\t\t\t\t<div class=\"e-con-inner\">\n\t\t\t\t<div class=\"elementor-element elementor-element-5454a03 elementor-widget elementor-widget-text-editor\" data-id=\"5454a03\" data-element_type=\"widget\" data-e-type=\"widget\" data-widget_type=\"text-editor.default\">\n\t\t\t\t<div class=\"elementor-widget-container\">\n\t\t\t\t\t\t\t\t\t<h6>UPre in Romani means up\/uplift. The name UPre is also a pun, as UP in English also means up. &nbsp;<\/h6><h6>The significance of the UPre women thus symbolizes the upliftment of Roma women in society.<\/h6>\t\t\t\t\t\t\t\t<\/div>\n\t\t\t\t<\/div>\n\t\t\t\t\t<\/div>\n\t\t\t\t<\/div>\n\t\t<div class=\"elementor-element elementor-element-6d466684 e-flex e-con-boxed e-con e-parent\" data-id=\"6d466684\" data-element_type=\"container\" data-e-type=\"container\">\n\t\t\t\t\t<div class=\"e-con-inner\">\n\t\t\t\t<div class=\"elementor-element elementor-element-6294bb63 elementor-widget elementor-widget-spacer\" data-id=\"6294bb63\" data-element_type=\"widget\" data-e-type=\"widget\" data-widget_type=\"spacer.default\">\n\t\t\t\t<div class=\"elementor-widget-container\">\n\t\t\t\t\t\t\t<div class=\"elementor-spacer\">\n\t\t\t<div class=\"elementor-spacer-inner\"><\/div>\n\t\t<\/div>\n\t\t\t\t\t\t<\/div>\n\t\t\t\t<\/div>\n\t\t\t\t\t<\/div>\n\t\t\t\t<\/div>\n\t\t<div class=\"elementor-element elementor-element-145a5519 e-flex e-con-boxed e-con e-parent\" data-id=\"145a5519\" data-element_type=\"container\" data-e-type=\"container\">\n\t\t\t\t\t<div class=\"e-con-inner\">\n\t\t\t\t<div class=\"elementor-element elementor-element-7d4fd18d elementor-widget elementor-widget-text-editor\" data-id=\"7d4fd18d\" data-element_type=\"widget\" data-e-type=\"widget\" data-widget_type=\"text-editor.default\">\n\t\t\t\t<div class=\"elementor-widget-container\">\n\t\t\t\t\t\t\t\t\t<p><em>The current year of the UPre Women program is co-financed by the European Union as part of the Slovakia Program.<\/em><\/p>\t\t\t\t\t\t\t\t<\/div>\n\t\t\t\t<\/div>\n\t\t\t\t\t<\/div>\n\t\t\t\t<\/div>\n\t\t<div class=\"elementor-element elementor-element-2b8bc952 e-flex e-con-boxed e-con e-parent\" data-id=\"2b8bc952\" data-element_type=\"container\" data-e-type=\"container\">\n\t\t\t\t\t<div class=\"e-con-inner\">\n\t\t\t\t<div class=\"elementor-element elementor-element-6da3db75 elementor-widget elementor-widget-image\" data-id=\"6da3db75\" data-element_type=\"widget\" data-e-type=\"widget\" data-widget_type=\"image.default\">\n\t\t\t\t<div class=\"elementor-widget-container\">\n\t\t\t\t\t\t\t\t\t\t\t\t\t\t\t<img fetchpriority=\"high\" decoding=\"async\" width=\"1600\" height=\"123\" src=\"https:\/\/uprezeny.sk\/wp-content\/uploads\/2026\/02\/LOGO_EU_PS_MSVVaM_Far_SK_PNG-scaled-1.png\" class=\"attachment-full size-full wp-image-3790\" alt=\"\" srcset=\"https:\/\/uprezeny.sk\/wp-content\/uploads\/2026\/02\/LOGO_EU_PS_MSVVaM_Far_SK_PNG-scaled-1.png 1600w, https:\/\/uprezeny.sk\/wp-content\/uploads\/2026\/02\/LOGO_EU_PS_MSVVaM_Far_SK_PNG-scaled-1-300x23.png 300w, https:\/\/uprezeny.sk\/wp-content\/uploads\/2026\/02\/LOGO_EU_PS_MSVVaM_Far_SK_PNG-scaled-1-1024x79.png 1024w, https:\/\/uprezeny.sk\/wp-content\/uploads\/2026\/02\/LOGO_EU_PS_MSVVaM_Far_SK_PNG-scaled-1-768x59.png 768w, https:\/\/uprezeny.sk\/wp-content\/uploads\/2026\/02\/LOGO_EU_PS_MSVVaM_Far_SK_PNG-scaled-1-1536x118.png 1536w\" sizes=\"(max-width: 1600px) 100vw, 1600px\" \/>\t\t\t\t\t\t\t\t\t\t\t\t\t\t\t<\/div>\n\t\t\t\t<\/div>\n\t\t\t\t\t<\/div>\n\t\t\t\t<\/div>\n\t\t<div class=\"elementor-element elementor-element-6f924492 e-flex e-con-boxed e-con e-parent\" data-id=\"6f924492\" data-element_type=\"container\" data-e-type=\"container\">\n\t\t\t\t\t<div class=\"e-con-inner\">\n\t\t\t\t<div class=\"elementor-element elementor-element-598f210d elementor-widget-divider--view-line elementor-widget elementor-widget-divider\" data-id=\"598f210d\" data-element_type=\"widget\" data-e-type=\"widget\" data-widget_type=\"divider.default\">\n\t\t\t\t<div class=\"elementor-widget-container\">\n\t\t\t\t\t\t\t<div class=\"elementor-divider\">\n\t\t\t<span class=\"elementor-divider-separator\">\n\t\t\t\t\t\t<\/span>\n\t\t<\/div>\n\t\t\t\t\t\t<\/div>\n\t\t\t\t<\/div>\n\t\t\t\t\t<\/div>\n\t\t\t\t<\/div>\n\t\t<div class=\"elementor-element elementor-element-a49c3c e-flex e-con-boxed e-con e-parent\" data-id=\"a49c3c\" data-element_type=\"container\" data-e-type=\"container\">\n\t\t\t\t\t<div class=\"e-con-inner\">\n\t\t\t\t<div class=\"elementor-element elementor-element-65523ee3 elementor-widget elementor-widget-text-editor\" data-id=\"65523ee3\" data-element_type=\"widget\" data-e-type=\"widget\" data-widget_type=\"text-editor.default\">\n\t\t\t\t<div class=\"elementor-widget-container\">\n\t\t\t\t\t\t\t\t\t<p><em>The pilot project UPfor Women: a Programme for the Development and Increasing Employability of Women from Marginalised Roma Communities was supported by the Norwegian Grants 2014-2021 and the State Budget of the Slovak Republic.<\/em><\/p><p><em>To find out more about Norwegian grant-funded programmes and projects in Slovakia, please visit <a href=\"https:\/\/www.norwaygrants.sk\/\" target=\"_blank\" rel=\"noopener\">www.norwaygrants.sk<\/a>.<\/em><\/p>\t\t\t\t\t\t\t\t<\/div>\n\t\t\t\t<\/div>\n\t\t\t\t\t<\/div>\n\t\t\t\t<\/div>\n\t\t<div class=\"elementor-element elementor-element-cbad389 e-flex e-con-boxed e-con e-parent\" data-id=\"cbad389\" data-element_type=\"container\" data-e-type=\"container\">\n\t\t\t\t\t<div class=\"e-con-inner\">\n\t\t<div class=\"elementor-element elementor-element-2e8bb49e e-con-full e-flex e-con e-child\" data-id=\"2e8bb49e\" data-element_type=\"container\" data-e-type=\"container\">\n\t\t\t\t<div class=\"elementor-element elementor-element-4a708828 elementor-widget__width-initial elementor-widget elementor-widget-image\" data-id=\"4a708828\" data-element_type=\"widget\" data-e-type=\"widget\" data-widget_type=\"image.default\">\n\t\t\t\t<div class=\"elementor-widget-container\">\n\t\t\t\t\t\t\t\t\t\t\t\t\t\t\t<img decoding=\"async\" width=\"268\" height=\"300\" src=\"https:\/\/uprezeny.sk\/wp-content\/uploads\/2026\/02\/Norway_grants@4x-268x300.png\" class=\"attachment-medium size-medium wp-image-3791\" alt=\"\" srcset=\"https:\/\/uprezeny.sk\/wp-content\/uploads\/2026\/02\/Norway_grants@4x-268x300.png 268w, https:\/\/uprezeny.sk\/wp-content\/uploads\/2026\/02\/Norway_grants@4x-913x1024.png 913w, https:\/\/uprezeny.sk\/wp-content\/uploads\/2026\/02\/Norway_grants@4x-768x861.png 768w, https:\/\/uprezeny.sk\/wp-content\/uploads\/2026\/02\/Norway_grants@4x.png 931w\" sizes=\"(max-width: 268px) 100vw, 268px\" \/>\t\t\t\t\t\t\t\t\t\t\t\t\t\t\t<\/div>\n\t\t\t\t<\/div>\n\t\t\t\t<\/div>\n\t\t<div class=\"elementor-element elementor-element-1e8fbc24 e-con-full e-flex e-con e-child\" data-id=\"1e8fbc24\" data-element_type=\"container\" data-e-type=\"container\">\n\t\t\t\t<div class=\"elementor-element elementor-element-5de2693d elementor-widget elementor-widget-image\" data-id=\"5de2693d\" data-element_type=\"widget\" data-e-type=\"widget\" data-widget_type=\"image.default\">\n\t\t\t\t<div class=\"elementor-widget-container\">\n\t\t\t\t\t\t\t\t\t\t\t\t\t\t\t<img decoding=\"async\" width=\"300\" height=\"251\" src=\"https:\/\/uprezeny.sk\/wp-content\/uploads\/2026\/02\/Dizajn-bez-nazvu-4-300x251.png\" class=\"attachment-medium size-medium wp-image-3792\" alt=\"\" srcset=\"https:\/\/uprezeny.sk\/wp-content\/uploads\/2026\/02\/Dizajn-bez-nazvu-4-300x251.png 300w, https:\/\/uprezeny.sk\/wp-content\/uploads\/2026\/02\/Dizajn-bez-nazvu-4-1024x858.png 1024w, https:\/\/uprezeny.sk\/wp-content\/uploads\/2026\/02\/Dizajn-bez-nazvu-4-768x644.png 768w, https:\/\/uprezeny.sk\/wp-content\/uploads\/2026\/02\/Dizajn-bez-nazvu-4-1536x1288.png 1536w, https:\/\/uprezeny.sk\/wp-content\/uploads\/2026\/02\/Dizajn-bez-nazvu-4.png 1600w\" sizes=\"(max-width: 300px) 100vw, 300px\" \/>\t\t\t\t\t\t\t\t\t\t\t\t\t\t\t<\/div>\n\t\t\t\t<\/div>\n\t\t\t\t<\/div>\n\t\t\t\t\t<\/div>\n\t\t\t\t<\/div>\n\t\t\t\t<\/div>\n\t\t","protected":false},"excerpt":{"rendered":"<p>The education and development programme UPre Women, implemented by the Carpathian Foundation and its partners, seeks: To help Roma women build their self-confidence and acquire the necessary information and skills to make independent decisions. To be able to gain financial independence and stability and secure their livelihoods. To become agents of change in their communities [&hellip;]<\/p>\n","protected":false},"author":4,"featured_media":0,"parent":0,"menu_order":0,"comment_status":"closed","ping_status":"closed","template":"","meta":{"_acf_changed":false,"footnotes":""},"class_list":["post-2571","page","type-page","status-publish","hentry"],"acf":[],"_links":{"self":[{"href":"https:\/\/uprezeny.sk\/en\/wp-json\/wp\/v2\/pages\/2571","targetHints":{"allow":["GET"]}}],"collection":[{"href":"https:\/\/uprezeny.sk\/en\/wp-json\/wp\/v2\/pages"}],"about":[{"href":"https:\/\/uprezeny.sk\/en\/wp-json\/wp\/v2\/types\/page"}],"author":[{"embeddable":true,"href":"https:\/\/uprezeny.sk\/en\/wp-json\/wp\/v2\/users\/4"}],"replies":[{"embeddable":true,"href":"https:\/\/uprezeny.sk\/en\/wp-json\/wp\/v2\/comments?post=2571"}],"version-history":[{"count":4,"href":"https:\/\/uprezeny.sk\/en\/wp-json\/wp\/v2\/pages\/2571\/revisions"}],"predecessor-version":[{"id":3793,"href":"https:\/\/uprezeny.sk\/en\/wp-json\/wp\/v2\/pages\/2571\/revisions\/3793"}],"wp:attachment":[{"href":"https:\/\/uprezeny.sk\/en\/wp-json\/wp\/v2\/media?parent=2571"}],"curies":[{"name":"wp","href":"https:\/\/api.w.org\/{rel}","templated":true}]}}